{"id":17,"date":"2011-08-16T23:16:21","date_gmt":"2011-08-16T21:16:21","guid":{"rendered":"https:\/\/kulturweit.blog\/buenosaires\/?page_id=17"},"modified":"2011-08-19T20:04:14","modified_gmt":"2011-08-19T18:04:14","slug":"reisen","status":"publish","type":"page","link":"https:\/\/kulturweit.blog\/buenosaires\/reisen\/","title":{"rendered":"Reisen"},"content":{"rendered":"<p>Hier werde ich \u00fcber Reisen, Ausfl\u00fcge usw. berichten. Ich freue mich \u00fcber Tipps und Hinweise im Kommentar unten.<\/p>\n","protected":false},"excerpt":{"rendered":"<p>Hier werde ich \u00fcber Reisen, Ausfl\u00fcge usw. berichten. Ich freue mich \u00fcber Tipps und Hinweise im Kommentar unten.<\/p>\n","protected":false},"author":617,"featured_media":18,"parent":0,"menu_order":0,"comment_status":"open","ping_status":"open","template":"","meta":{"footnotes":""},"class_list":["post-17","page","type-page","status-publish","has-post-thumbnail","hentry"],"amp_enabled":true,"_links":{"self":[{"href":"https:\/\/kulturweit.blog\/buenosaires\/wp-json\/wp\/v2\/pages\/17"}],"collection":[{"href":"https:\/\/kulturweit.blog\/buenosaires\/wp-json\/wp\/v2\/pages"}],"about":[{"href":"https:\/\/kulturweit.blog\/buenosaires\/wp-json\/wp\/v2\/types\/page"}],"author":[{"embeddable":true,"href":"https:\/\/kulturweit.blog\/buenosaires\/wp-json\/wp\/v2\/users\/617"}],"replies":[{"embeddable":true,"href":"https:\/\/kulturweit.blog\/buenosaires\/wp-json\/wp\/v2\/comments?post=17"}],"version-history":[{"count":1,"href":"https:\/\/kulturweit.blog\/buenosaires\/wp-json\/wp\/v2\/pages\/17\/revisions"}],"predecessor-version":[{"id":32,"href":"https:\/\/kulturweit.blog\/buenosaires\/wp-json\/wp\/v2\/pages\/17\/revisions\/32"}],"wp:featuredmedia":[{"embeddable":true,"href":"https:\/\/kulturweit.blog\/buenosaires\/wp-json\/wp\/v2\/media\/18"}],"wp:attachment":[{"href":"https:\/\/kulturweit.blog\/buenosaires\/wp-json\/wp\/v2\/media?parent=17"}],"curies":[{"name":"wp","href":"https:\/\/api.w.org\/{rel}","templated":true}]}}