{"id":23,"date":"2021-04-19T12:48:49","date_gmt":"2021-04-19T10:48:49","guid":{"rendered":"https:\/\/kulturweit.blog\/brianagrupp\/?page_id=23"},"modified":"2021-04-24T11:59:45","modified_gmt":"2021-04-24T09:59:45","slug":"tirana","status":"publish","type":"page","link":"https:\/\/kulturweit.blog\/brianagrupp\/tirana\/","title":{"rendered":"Tirana"},"content":{"rendered":"<h1>Tirana<\/h1>\n<h4>Mein Zuhause<\/h4>\n<p>Hier sind ein paar Bilder von meinem Zuhause! Ich lerne auch gerade Klavier.<\/p>\n<p>&nbsp;<\/p>\n\n\t\t<style type=\"text\/css\">\n\t\t\t#gallery-1 {\n\t\t\t\tmargin: auto;\n\t\t\t}\n\t\t\t#gallery-1 .gallery-item {\n\t\t\t\tfloat: left;\n\t\t\t\tmargin-top: 10px;\n\t\t\t\ttext-align: center;\n\t\t\t\twidth: 33%;\n\t\t\t}\n\t\t\t#gallery-1 img {\n\t\t\t\tborder: 2px solid #cfcfcf;\n\t\t\t}\n\t\t\t#gallery-1 .gallery-caption {\n\t\t\t\tmargin-left: 0;\n\t\t\t}\n\t\t\t\/* see gallery_shortcode() in wp-includes\/media.php *\/\n\t\t<\/style>\n\t\t<div id='gallery-1' class='gallery galleryid-23 gallery-columns-3 gallery-size-thumbnail'><dl class='gallery-item'>\n\t\t\t<dt class='gallery-icon landscape'>\n\t\t\t\t<a href='https:\/\/kulturweit.blog\/brianagrupp\/tirana\/img_7188\/'><img loading=\"lazy\" decoding=\"async\" width=\"150\" height=\"150\" src=\"https:\/\/kulturweit.blog\/brianagrupp\/files\/2021\/04\/IMG_7188-150x150.jpg\" class=\"attachment-thumbnail size-thumbnail\" alt=\"\" srcset=\"https:\/\/kulturweit.blog\/brianagrupp\/files\/2021\/04\/IMG_7188-150x150.jpg 150w, https:\/\/kulturweit.blog\/brianagrupp\/files\/2021\/04\/IMG_7188-300x300.jpg 300w\" sizes=\"(max-width: 150px) 100vw, 150px\" \/><\/a>\n\t\t\t<\/dt><\/dl><dl class='gallery-item'>\n\t\t\t<dt class='gallery-icon landscape'>\n\t\t\t\t<a href='https:\/\/kulturweit.blog\/brianagrupp\/tirana\/img_7195\/'><img loading=\"lazy\" decoding=\"async\" width=\"150\" height=\"150\" src=\"https:\/\/kulturweit.blog\/brianagrupp\/files\/2021\/04\/IMG_7195-150x150.jpg\" class=\"attachment-thumbnail size-thumbnail\" alt=\"\" srcset=\"https:\/\/kulturweit.blog\/brianagrupp\/files\/2021\/04\/IMG_7195-150x150.jpg 150w, https:\/\/kulturweit.blog\/brianagrupp\/files\/2021\/04\/IMG_7195-300x300.jpg 300w\" sizes=\"(max-width: 150px) 100vw, 150px\" \/><\/a>\n\t\t\t<\/dt><\/dl><dl class='gallery-item'>\n\t\t\t<dt class='gallery-icon landscape'>\n\t\t\t\t<a href='https:\/\/kulturweit.blog\/brianagrupp\/tirana\/img_7194\/'><img loading=\"lazy\" decoding=\"async\" width=\"150\" height=\"150\" src=\"https:\/\/kulturweit.blog\/brianagrupp\/files\/2021\/04\/IMG_7194-150x150.jpg\" class=\"attachment-thumbnail size-thumbnail\" alt=\"\" srcset=\"https:\/\/kulturweit.blog\/brianagrupp\/files\/2021\/04\/IMG_7194-150x150.jpg 150w, https:\/\/kulturweit.blog\/brianagrupp\/files\/2021\/04\/IMG_7194-300x300.jpg 300w\" sizes=\"(max-width: 150px) 100vw, 150px\" \/><\/a>\n\t\t\t<\/dt><\/dl><br style=\"clear: both\" \/><dl class='gallery-item'>\n\t\t\t<dt class='gallery-icon landscape'>\n\t\t\t\t<a href='https:\/\/kulturweit.blog\/brianagrupp\/tirana\/img_7169\/'><img loading=\"lazy\" decoding=\"async\" width=\"150\" height=\"150\" src=\"https:\/\/kulturweit.blog\/brianagrupp\/files\/2021\/04\/IMG_7169-150x150.jpg\" class=\"attachment-thumbnail size-thumbnail\" alt=\"\" srcset=\"https:\/\/kulturweit.blog\/brianagrupp\/files\/2021\/04\/IMG_7169-150x150.jpg 150w, https:\/\/kulturweit.blog\/brianagrupp\/files\/2021\/04\/IMG_7169-300x300.jpg 300w\" sizes=\"(max-width: 150px) 100vw, 150px\" \/><\/a>\n\t\t\t<\/dt><\/dl><dl class='gallery-item'>\n\t\t\t<dt class='gallery-icon landscape'>\n\t\t\t\t<a href='https:\/\/kulturweit.blog\/brianagrupp\/tirana\/img_7197\/'><img loading=\"lazy\" decoding=\"async\" width=\"150\" height=\"150\" src=\"https:\/\/kulturweit.blog\/brianagrupp\/files\/2021\/04\/IMG_7197-150x150.jpg\" class=\"attachment-thumbnail size-thumbnail\" alt=\"\" srcset=\"https:\/\/kulturweit.blog\/brianagrupp\/files\/2021\/04\/IMG_7197-150x150.jpg 150w, https:\/\/kulturweit.blog\/brianagrupp\/files\/2021\/04\/IMG_7197-300x300.jpg 300w\" sizes=\"(max-width: 150px) 100vw, 150px\" \/><\/a>\n\t\t\t<\/dt><\/dl><dl class='gallery-item'>\n\t\t\t<dt class='gallery-icon landscape'>\n\t\t\t\t<a href='https:\/\/kulturweit.blog\/brianagrupp\/tirana\/img_7201\/'><img loading=\"lazy\" decoding=\"async\" width=\"150\" height=\"150\" src=\"https:\/\/kulturweit.blog\/brianagrupp\/files\/2021\/04\/IMG_7201-150x150.jpg\" class=\"attachment-thumbnail size-thumbnail\" alt=\"\" srcset=\"https:\/\/kulturweit.blog\/brianagrupp\/files\/2021\/04\/IMG_7201-150x150.jpg 150w, https:\/\/kulturweit.blog\/brianagrupp\/files\/2021\/04\/IMG_7201-300x300.jpg 300w\" sizes=\"(max-width: 150px) 100vw, 150px\" \/><\/a>\n\t\t\t<\/dt><\/dl><br style=\"clear: both\" \/>\n\t\t<\/div>\n\n<h4>Die Stadt<\/h4>\n<p>Tirana ist eine Stadt voller chaos ! Als ich zuerst hier ankam war ich so erstaunt wie viele h\u00e4ssliche Geb\u00e4ude es in dieser Stadt gibt. Ich wohne in Tirana seid einem Monat jetzt und bin total verliebt. Die Geb\u00e4ude sind nicht mehr h\u00e4sslich ich finde sie in irgendeiner weise wundersch\u00f6n. H\u00e4sslich kann bei mir wundersch\u00f6n aussehen! W\u00e4r h\u00e4tte das gedacht. Die Geb\u00e4ude sehen einfach anders aus. Sie haben viel mehr Pers\u00f6nlichkeit.<\/p>\n<p><a href=\"https:\/\/kulturweit.blog\/brianagrupp\/files\/2021\/04\/IMG_7142.jpg\"><img loading=\"lazy\" decoding=\"async\" class=\"alignnone size-medium wp-image-63\" src=\"https:\/\/kulturweit.blog\/brianagrupp\/files\/2021\/04\/IMG_7142-300x168.jpg\" alt=\"\" width=\"300\" height=\"168\" srcset=\"https:\/\/kulturweit.blog\/brianagrupp\/files\/2021\/04\/IMG_7142-300x168.jpg 300w, https:\/\/kulturweit.blog\/brianagrupp\/files\/2021\/04\/IMG_7142-768x431.jpg 768w, https:\/\/kulturweit.blog\/brianagrupp\/files\/2021\/04\/IMG_7142-624x350.jpg 624w, https:\/\/kulturweit.blog\/brianagrupp\/files\/2021\/04\/IMG_7142.jpg 1024w\" sizes=\"(max-width: 300px) 100vw, 300px\" \/><\/a><\/p>\n<h4>Anders wie kein anderes Land<\/h4>\n<p>1. Ich bin hier jetzt seid einem Monat und mir sind Sachen aufgefallen, die ich in keinem anderen Land gesehen habe. Es gibt V\u00f6gel in K\u00e4ffige in jedem zweiten Restaurant gef\u00fchlt. Ich glaube die restaurants machen es entweder um Leute interessiert zu kriegen oder weil V\u00f6gel sch\u00f6n singen k\u00f6nnen.<\/p>\n<p>2. Henri und ich wurden angesprochen von zwei M\u00e4nnern, weil wir Deutsch miteinander geredet haben. Sie haben uns dann zum Kaffee eingeladen und es war sehr nett. Danach haben wir uns bedankt und haben gesagt, dass wir n\u00e4chstes mal spendieren werden. Wenn wir die zwei M\u00e4nner wieder auf der Stra\u00dfe sehen.<\/p>\n<p>3. Hier gibt es auch \u00fcberall Cafe mit Wintergarten. \u00dcBERALL.<\/p>\n<p>4. Meine Mitbewohner sind eigentliche Grundschullehrer\/innen und sie sind erst 18 JAHRE ALT. Sie unterrichten von der 2. bis zur 8. Klasse Deutsch, Mathe, Kunst, Musik, etc.<\/p>\n<p>5. Ich bin vor zwei Wochen in einem Bus eingestiegen und habe bemerkt, dass der Bus von der BVG(Berliner Verkehrbetriebe Gemeinschaft) ist. Ich musste so lachen, weil ich f\u00fcr einen kurzen Augenblick mir vorgestellt habe, dass ich jetzt gerade in Berlin bin. Es waren sogar noch Werbeplakate in dem Bus \u00fcber Seniorenheime in Tempelhof. Au\u00dferdem war der Bus sowieso so komisch, weil der Busfahrer w\u00e4hrend er gefahren ist, die ganze Zeit mit seinen besten Freund geface timed hat.<\/p>\n<h4>Albaner<\/h4>\n<p>Albaner sind hier soooooooooooooooooooo freundlich. Ich habe vieles \u00fcber Albaner Stereotypen in Deutschland geh\u00f6rt und es waren auch negative mit dabei. Seid dem ich hier wohne, sind es die nettesten Menschen, die mir je begegnet sind in einer Hauptstadt. Ich ware schon in vielen Hauptst\u00e4dten, dass kann ich dir sagen !<\/p>\n<p>Erst vor kurzen war ich in einem Second Hand Laden und habe eine Stunde lang mit drei Frauen geredet, die sooo freundlich waren. Das passiert mir fast jeden Tag. Ich kenne schon die Namen von ein paar Besitzern in der Stadt, weil sie alle so offen sind. Sie erz\u00e4hlen mir auch gleich ihre ganze Lebensgeschichte in Albanisch und meistens gibt es jemand in dem Laden, die Englisch und Albanisch sprechen. Die helfen uns dann und kennenzulernen.<\/p>\n<h4>M\u00fcll und Umwelt<\/h4>\n<p>M\u00fcll ist hier ein gro\u00dfes Problem. Es gibt so viel M\u00fcll auf den Stra\u00dfen und keiner k\u00fcmmert sich darum. Stra\u00dfenhunde essen dann den M\u00fcll und das ist so ungesund und Tiere k\u00f6nnen sterben davon! Jedes mal wenn ich in einem Laden gehe, bekomme ich sofort eine Plastikt\u00fcte, die ich jedes mal wieder zur\u00fcckgebe. Albaner haben keine Ahnung was das f\u00fcr gro\u00dfe Konsequenzen hat f\u00fcr die Umwelt! Sie geben Plastikt\u00fcten weg, wie eine Begr\u00fc\u00dfung!<\/p>\n<p>Diese Bilder hat eine Sch\u00fclerin gemacht f\u00fcr die Sch\u00fclerzeitung. Wir versuchen Sch\u00fcler damit ein bisschen aufzukl\u00e4ren.<\/p>\n<p><a href=\"https:\/\/kulturweit.blog\/brianagrupp\/files\/2021\/04\/2.jpg\"><img loading=\"lazy\" decoding=\"async\" class=\"alignnone size-medium wp-image-64\" src=\"https:\/\/kulturweit.blog\/brianagrupp\/files\/2021\/04\/2-300x169.jpg\" alt=\"\" width=\"300\" height=\"169\" srcset=\"https:\/\/kulturweit.blog\/brianagrupp\/files\/2021\/04\/2-300x169.jpg 300w, https:\/\/kulturweit.blog\/brianagrupp\/files\/2021\/04\/2-768x432.jpg 768w, https:\/\/kulturweit.blog\/brianagrupp\/files\/2021\/04\/2-624x351.jpg 624w, https:\/\/kulturweit.blog\/brianagrupp\/files\/2021\/04\/2.jpg 1024w\" sizes=\"(max-width: 300px) 100vw, 300px\" \/><\/a> <a href=\"https:\/\/kulturweit.blog\/brianagrupp\/files\/2021\/04\/6.jpg\"><img loading=\"lazy\" decoding=\"async\" class=\"alignnone size-medium wp-image-65\" src=\"https:\/\/kulturweit.blog\/brianagrupp\/files\/2021\/04\/6-300x169.jpg\" alt=\"\" width=\"300\" height=\"169\" srcset=\"https:\/\/kulturweit.blog\/brianagrupp\/files\/2021\/04\/6-300x169.jpg 300w, https:\/\/kulturweit.blog\/brianagrupp\/files\/2021\/04\/6-1024x576.jpg 1024w, https:\/\/kulturweit.blog\/brianagrupp\/files\/2021\/04\/6-768x432.jpg 768w, https:\/\/kulturweit.blog\/brianagrupp\/files\/2021\/04\/6-624x351.jpg 624w, https:\/\/kulturweit.blog\/brianagrupp\/files\/2021\/04\/6.jpg 1280w\" sizes=\"(max-width: 300px) 100vw, 300px\" \/><\/a><\/p>\n<p>&nbsp;<\/p>\n","protected":false},"excerpt":{"rendered":"<p>Tirana Mein Zuhause Hier sind ein paar Bilder von meinem Zuhause! Ich lerne auch gerade Klavier. &nbsp; Die Stadt Tirana ist eine Stadt voller chaos ! Als ich zuerst hier ankam war ich so erstaunt wie viele h\u00e4ssliche Geb\u00e4ude es in dieser Stadt gibt. Ich wohne in Tirana seid einem Monat jetzt und bin total [&hellip;]<\/p>\n","protected":false},"author":2949,"featured_media":0,"parent":0,"menu_order":0,"comment_status":"closed","ping_status":"closed","template":"","meta":{"footnotes":""},"class_list":["post-23","page","type-page","status-publish","hentry"],"amp_enabled":true,"_links":{"self":[{"href":"https:\/\/kulturweit.blog\/brianagrupp\/wp-json\/wp\/v2\/pages\/23"}],"collection":[{"href":"https:\/\/kulturweit.blog\/brianagrupp\/wp-json\/wp\/v2\/pages"}],"about":[{"href":"https:\/\/kulturweit.blog\/brianagrupp\/wp-json\/wp\/v2\/types\/page"}],"author":[{"embeddable":true,"href":"https:\/\/kulturweit.blog\/brianagrupp\/wp-json\/wp\/v2\/users\/2949"}],"replies":[{"embeddable":true,"href":"https:\/\/kulturweit.blog\/brianagrupp\/wp-json\/wp\/v2\/comments?post=23"}],"version-history":[{"count":3,"href":"https:\/\/kulturweit.blog\/brianagrupp\/wp-json\/wp\/v2\/pages\/23\/revisions"}],"predecessor-version":[{"id":118,"href":"https:\/\/kulturweit.blog\/brianagrupp\/wp-json\/wp\/v2\/pages\/23\/revisions\/118"}],"wp:attachment":[{"href":"https:\/\/kulturweit.blog\/brianagrupp\/wp-json\/wp\/v2\/media?parent=23"}],"curies":[{"name":"wp","href":"https:\/\/api.w.org\/{rel}","templated":true}]}}