{"id":21,"date":"2021-04-19T11:49:22","date_gmt":"2021-04-19T09:49:22","guid":{"rendered":"https:\/\/kulturweit.blog\/brianagrupp\/?page_id=21"},"modified":"2024-05-30T14:18:59","modified_gmt":"2024-05-30T12:18:59","slug":"ueber-mich","status":"publish","type":"page","link":"https:\/\/kulturweit.blog\/brianagrupp\/ueber-mich\/","title":{"rendered":"\u00dcber Mich"},"content":{"rendered":"<p>Mein Name ist Briana Grupp und ich bin in Potsdam und Berlin aufgewachsen.<\/p>\n<p>Mein Instagram: brianagrupp<\/p>\n<p>Als ich in<a href=\"https:\/\/kulturweit.blog\/brianagrupp\/files\/2021\/04\/IMG_7917.jpg\"><img loading=\"lazy\" decoding=\"async\" class=\"size-medium wp-image-34 alignright\" src=\"https:\/\/kulturweit.blog\/brianagrupp\/files\/2021\/04\/IMG_7917-300x534.jpg\" alt=\"\" width=\"300\" height=\"534\" srcset=\"https:\/\/kulturweit.blog\/brianagrupp\/files\/2021\/04\/IMG_7917-300x534.jpg 300w, https:\/\/kulturweit.blog\/brianagrupp\/files\/2021\/04\/IMG_7917.jpg 575w\" sizes=\"(max-width: 300px) 100vw, 300px\" \/><\/a> Amsterdam gewohnt habe, habe ich ein Welt Buch angeschaut und habe Albanien gesehen. Ich wusste noch nicht mal das Albanien in EUROPA ist. Die Bilder sahen sooooo cool aus in diesem Buch und ich musste dorthin ! Als ich von Kulturweit erfahren habe, dass die Ausreisen im Ausland nicht m\u00f6glich w\u00e4ren und man eine bessere Chance hat in Europa sein FSJ zu machen habe ich mich f\u00fcr Albanien endschieden. Wenn ich das Welt Buch nicht angeschaut habe und mich nicht verliebt habe in diese zwei touristischen Bilder von Albanien, w\u00e4re ich nie hier gewesen ! Ich bin so gl\u00fccklich hier und liebe Albanien !<\/p>\n<p>&nbsp;<\/p>\n","protected":false},"excerpt":{"rendered":"<p>Mein Name ist Briana Grupp und ich bin in Potsdam und Berlin aufgewachsen. Mein Instagram: brianagrupp Als ich in Amsterdam gewohnt habe, habe ich ein Welt Buch angeschaut und habe Albanien gesehen. Ich wusste noch nicht mal das Albanien in EUROPA ist. Die Bilder sahen sooooo cool aus in diesem Buch und ich musste dorthin [&hellip;]<\/p>\n","protected":false},"author":2949,"featured_media":0,"parent":0,"menu_order":0,"comment_status":"closed","ping_status":"closed","template":"","meta":{"footnotes":""},"class_list":["post-21","page","type-page","status-publish","hentry"],"amp_enabled":true,"_links":{"self":[{"href":"https:\/\/kulturweit.blog\/brianagrupp\/wp-json\/wp\/v2\/pages\/21"}],"collection":[{"href":"https:\/\/kulturweit.blog\/brianagrupp\/wp-json\/wp\/v2\/pages"}],"about":[{"href":"https:\/\/kulturweit.blog\/brianagrupp\/wp-json\/wp\/v2\/types\/page"}],"author":[{"embeddable":true,"href":"https:\/\/kulturweit.blog\/brianagrupp\/wp-json\/wp\/v2\/users\/2949"}],"replies":[{"embeddable":true,"href":"https:\/\/kulturweit.blog\/brianagrupp\/wp-json\/wp\/v2\/comments?post=21"}],"version-history":[{"count":4,"href":"https:\/\/kulturweit.blog\/brianagrupp\/wp-json\/wp\/v2\/pages\/21\/revisions"}],"predecessor-version":[{"id":327,"href":"https:\/\/kulturweit.blog\/brianagrupp\/wp-json\/wp\/v2\/pages\/21\/revisions\/327"}],"wp:attachment":[{"href":"https:\/\/kulturweit.blog\/brianagrupp\/wp-json\/wp\/v2\/media?parent=21"}],"curies":[{"name":"wp","href":"https:\/\/api.w.org\/{rel}","templated":true}]}}