{"id":202,"date":"2021-05-04T23:39:42","date_gmt":"2021-05-04T21:39:42","guid":{"rendered":"https:\/\/kulturweit.blog\/brianagrupp\/?page_id=202"},"modified":"2021-05-04T23:43:59","modified_gmt":"2021-05-04T21:43:59","slug":"tiere-in-not","status":"publish","type":"page","link":"https:\/\/kulturweit.blog\/brianagrupp\/tiere-in-not\/","title":{"rendered":"Tiere"},"content":{"rendered":"<p>Hier m\u00f6chte ich gerne \u00fcber Hunde und Katzen berichten. Ich sehe \u00fcberall in Albanien Stra\u00dfenhunde und Katzen. Die armen Tiere haben kein Zuhause.<\/p>\n<p>SPENDEN: https:\/\/www.straycoco.com\/willkommen\/willkommen\/kosovoprojekt\/<\/p>\n<p><a href=\"https:\/\/kulturweit.blog\/brianagrupp\/files\/2021\/05\/IMG_8362.jpg\"><img loading=\"lazy\" decoding=\"async\" class=\"size-medium wp-image-203 alignleft\" src=\"https:\/\/kulturweit.blog\/brianagrupp\/files\/2021\/05\/IMG_8362-300x168.jpg\" alt=\"\" width=\"300\" height=\"168\" srcset=\"https:\/\/kulturweit.blog\/brianagrupp\/files\/2021\/05\/IMG_8362-300x168.jpg 300w, https:\/\/kulturweit.blog\/brianagrupp\/files\/2021\/05\/IMG_8362-768x431.jpg 768w, https:\/\/kulturweit.blog\/brianagrupp\/files\/2021\/05\/IMG_8362-624x350.jpg 624w, https:\/\/kulturweit.blog\/brianagrupp\/files\/2021\/05\/IMG_8362.jpg 1024w\" sizes=\"(max-width: 300px) 100vw, 300px\" \/><\/a> Das hier ist eine H\u00fcndin in Saranda. Sie war so lieb und ist uns gefolgt. Ich nenne sie Sally.<\/p>\n<p>&nbsp;<\/p>\n<p>&nbsp;<\/p>\n<p>&nbsp;<\/p>\n<p><a href=\"https:\/\/kulturweit.blog\/brianagrupp\/files\/2021\/04\/IMG_7341.jpg\"><img loading=\"lazy\" decoding=\"async\" class=\"size-medium wp-image-56 alignleft\" src=\"https:\/\/kulturweit.blog\/brianagrupp\/files\/2021\/04\/IMG_7341-300x168.jpg\" alt=\"\" width=\"300\" height=\"168\" srcset=\"https:\/\/kulturweit.blog\/brianagrupp\/files\/2021\/04\/IMG_7341-300x168.jpg 300w, https:\/\/kulturweit.blog\/brianagrupp\/files\/2021\/04\/IMG_7341-768x431.jpg 768w, https:\/\/kulturweit.blog\/brianagrupp\/files\/2021\/04\/IMG_7341-624x350.jpg 624w, https:\/\/kulturweit.blog\/brianagrupp\/files\/2021\/04\/IMG_7341.jpg 1024w\" sizes=\"(max-width: 300px) 100vw, 300px\" \/><\/a>Mein Schatz Lassie. Lassie war so unglaublich s\u00fc\u00df. Ich bin sogar mit ihr Baden gegangen in Ohrid.<\/p>\n<p>&nbsp;<\/p>\n<p>&nbsp;<\/p>\n<p><a href=\"https:\/\/kulturweit.blog\/brianagrupp\/files\/2021\/05\/IMG_7676.jpg\"><br \/>\n<\/a><img loading=\"lazy\" decoding=\"async\" class=\"size-medium wp-image-204 alignleft\" src=\"https:\/\/kulturweit.blog\/brianagrupp\/files\/2021\/05\/IMG_7676-300x168.jpg\" alt=\"\" width=\"300\" height=\"168\" srcset=\"https:\/\/kulturweit.blog\/brianagrupp\/files\/2021\/05\/IMG_7676-300x168.jpg 300w, https:\/\/kulturweit.blog\/brianagrupp\/files\/2021\/05\/IMG_7676-768x431.jpg 768w, https:\/\/kulturweit.blog\/brianagrupp\/files\/2021\/05\/IMG_7676-624x350.jpg 624w, https:\/\/kulturweit.blog\/brianagrupp\/files\/2021\/05\/IMG_7676.jpg 1024w\" sizes=\"(max-width: 300px) 100vw, 300px\" \/>Balto hat einfach endschieden auf den Tisch zu springen und Yoga zu machen genau vor uns. Er wollte auch Kathas Ohr ablecken. Er war so nett und s\u00fc\u00df und tat mir auch sehr Leid. Er lebt in Skopje.<\/p>\n","protected":false},"excerpt":{"rendered":"<p>Hier m\u00f6chte ich gerne \u00fcber Hunde und Katzen berichten. Ich sehe \u00fcberall in Albanien Stra\u00dfenhunde und Katzen. Die armen Tiere haben kein Zuhause. SPENDEN: https:\/\/www.straycoco.com\/willkommen\/willkommen\/kosovoprojekt\/ Das hier ist eine H\u00fcndin in Saranda. Sie war so lieb und ist uns gefolgt. Ich nenne sie Sally. &nbsp; &nbsp; &nbsp; Mein Schatz Lassie. Lassie war so unglaublich s\u00fc\u00df. [&hellip;]<\/p>\n","protected":false},"author":2949,"featured_media":0,"parent":0,"menu_order":4,"comment_status":"closed","ping_status":"closed","template":"","meta":{"footnotes":""},"class_list":["post-202","page","type-page","status-publish","hentry"],"amp_enabled":true,"_links":{"self":[{"href":"https:\/\/kulturweit.blog\/brianagrupp\/wp-json\/wp\/v2\/pages\/202"}],"collection":[{"href":"https:\/\/kulturweit.blog\/brianagrupp\/wp-json\/wp\/v2\/pages"}],"about":[{"href":"https:\/\/kulturweit.blog\/brianagrupp\/wp-json\/wp\/v2\/types\/page"}],"author":[{"embeddable":true,"href":"https:\/\/kulturweit.blog\/brianagrupp\/wp-json\/wp\/v2\/users\/2949"}],"replies":[{"embeddable":true,"href":"https:\/\/kulturweit.blog\/brianagrupp\/wp-json\/wp\/v2\/comments?post=202"}],"version-history":[{"count":2,"href":"https:\/\/kulturweit.blog\/brianagrupp\/wp-json\/wp\/v2\/pages\/202\/revisions"}],"predecessor-version":[{"id":206,"href":"https:\/\/kulturweit.blog\/brianagrupp\/wp-json\/wp\/v2\/pages\/202\/revisions\/206"}],"wp:attachment":[{"href":"https:\/\/kulturweit.blog\/brianagrupp\/wp-json\/wp\/v2\/media?parent=202"}],"curies":[{"name":"wp","href":"https:\/\/api.w.org\/{rel}","templated":true}]}}