{"id":163,"date":"2021-04-29T12:08:42","date_gmt":"2021-04-29T10:08:42","guid":{"rendered":"https:\/\/kulturweit.blog\/brianagrupp\/?page_id=163"},"modified":"2021-04-29T12:21:34","modified_gmt":"2021-04-29T10:21:34","slug":"klettern","status":"publish","type":"page","link":"https:\/\/kulturweit.blog\/brianagrupp\/tirana\/klettern\/","title":{"rendered":"Klettern"},"content":{"rendered":"<p>Ich habe jetzt bei &#8222;ROCK Tirana&#8220; klettern angefangen, weil ich ein M\u00e4dchen in einer Bar kennengelernt habe, die mich \u00fcberzeugt hat mit zu machen. Zwei mal in der Woche und immer so ca. 2 Stunden. Daf\u00fcr zahle ich 4,500LEK(37 Euro) monatlich. Ich liebe es jetzt schon! Meine Arme haben schon Muskelkater und meine Freundin und ich kriegen momentan Privatklassen, weil die Freundin alle schon dort kennt.<\/p>\n<p><a href=\"https:\/\/kulturweit.blog\/brianagrupp\/files\/2021\/04\/Screenshot-2021-04-29-121449.png\"><img loading=\"lazy\" decoding=\"async\" class=\"size-medium wp-image-166 alignright\" src=\"https:\/\/kulturweit.blog\/brianagrupp\/files\/2021\/04\/Screenshot-2021-04-29-121449-300x454.png\" alt=\"\" width=\"300\" height=\"454\" srcset=\"https:\/\/kulturweit.blog\/brianagrupp\/files\/2021\/04\/Screenshot-2021-04-29-121449-300x454.png 300w, https:\/\/kulturweit.blog\/brianagrupp\/files\/2021\/04\/Screenshot-2021-04-29-121449.png 532w\" sizes=\"(max-width: 300px) 100vw, 300px\" \/><\/a> <a href=\"https:\/\/kulturweit.blog\/brianagrupp\/files\/2021\/04\/Screenshot-2021-04-29-121513.png\"><img loading=\"lazy\" decoding=\"async\" class=\"wp-image-167 alignright\" src=\"https:\/\/kulturweit.blog\/brianagrupp\/files\/2021\/04\/Screenshot-2021-04-29-121513-300x502.png\" alt=\"\" width=\"270\" height=\"452\" srcset=\"https:\/\/kulturweit.blog\/brianagrupp\/files\/2021\/04\/Screenshot-2021-04-29-121513-300x502.png 300w, https:\/\/kulturweit.blog\/brianagrupp\/files\/2021\/04\/Screenshot-2021-04-29-121513.png 538w\" sizes=\"(max-width: 270px) 100vw, 270px\" \/><\/a> <a href=\"https:\/\/kulturweit.blog\/brianagrupp\/files\/2021\/04\/Screenshot-2021-04-29-121556.png\"><img loading=\"lazy\" decoding=\"async\" class=\"wp-image-168 alignright\" src=\"https:\/\/kulturweit.blog\/brianagrupp\/files\/2021\/04\/Screenshot-2021-04-29-121556-300x530.png\" alt=\"\" width=\"294\" height=\"519\" srcset=\"https:\/\/kulturweit.blog\/brianagrupp\/files\/2021\/04\/Screenshot-2021-04-29-121556-300x530.png 300w, https:\/\/kulturweit.blog\/brianagrupp\/files\/2021\/04\/Screenshot-2021-04-29-121556.png 547w\" sizes=\"(max-width: 294px) 100vw, 294px\" \/><\/a><a href=\"https:\/\/kulturweit.blog\/brianagrupp\/files\/2021\/04\/Screenshot-2021-04-29-121917.png\"><img loading=\"lazy\" decoding=\"async\" class=\"wp-image-169 alignright\" src=\"https:\/\/kulturweit.blog\/brianagrupp\/files\/2021\/04\/Screenshot-2021-04-29-121917-300x527.png\" alt=\"\" width=\"260\" height=\"457\" srcset=\"https:\/\/kulturweit.blog\/brianagrupp\/files\/2021\/04\/Screenshot-2021-04-29-121917-300x527.png 300w, https:\/\/kulturweit.blog\/brianagrupp\/files\/2021\/04\/Screenshot-2021-04-29-121917.png 583w\" sizes=\"(max-width: 260px) 100vw, 260px\" \/><\/a><\/p>\n","protected":false},"excerpt":{"rendered":"<p>Ich habe jetzt bei &#8222;ROCK Tirana&#8220; klettern angefangen, weil ich ein M\u00e4dchen in einer Bar kennengelernt habe, die mich \u00fcberzeugt hat mit zu machen. Zwei mal in der Woche und immer so ca. 2 Stunden. Daf\u00fcr zahle ich 4,500LEK(37 Euro) monatlich. Ich liebe es jetzt schon! Meine Arme haben schon Muskelkater und meine Freundin und [&hellip;]<\/p>\n","protected":false},"author":2949,"featured_media":0,"parent":23,"menu_order":0,"comment_status":"closed","ping_status":"closed","template":"","meta":{"footnotes":""},"class_list":["post-163","page","type-page","status-publish","hentry"],"amp_enabled":true,"_links":{"self":[{"href":"https:\/\/kulturweit.blog\/brianagrupp\/wp-json\/wp\/v2\/pages\/163"}],"collection":[{"href":"https:\/\/kulturweit.blog\/brianagrupp\/wp-json\/wp\/v2\/pages"}],"about":[{"href":"https:\/\/kulturweit.blog\/brianagrupp\/wp-json\/wp\/v2\/types\/page"}],"author":[{"embeddable":true,"href":"https:\/\/kulturweit.blog\/brianagrupp\/wp-json\/wp\/v2\/users\/2949"}],"replies":[{"embeddable":true,"href":"https:\/\/kulturweit.blog\/brianagrupp\/wp-json\/wp\/v2\/comments?post=163"}],"version-history":[{"count":3,"href":"https:\/\/kulturweit.blog\/brianagrupp\/wp-json\/wp\/v2\/pages\/163\/revisions"}],"predecessor-version":[{"id":172,"href":"https:\/\/kulturweit.blog\/brianagrupp\/wp-json\/wp\/v2\/pages\/163\/revisions\/172"}],"up":[{"embeddable":true,"href":"https:\/\/kulturweit.blog\/brianagrupp\/wp-json\/wp\/v2\/pages\/23"}],"wp:attachment":[{"href":"https:\/\/kulturweit.blog\/brianagrupp\/wp-json\/wp\/v2\/media?parent=163"}],"curies":[{"name":"wp","href":"https:\/\/api.w.org\/{rel}","templated":true}]}}