{"id":137,"date":"2021-04-24T21:59:28","date_gmt":"2021-04-24T19:59:28","guid":{"rendered":"https:\/\/kulturweit.blog\/brianagrupp\/?page_id=137"},"modified":"2021-06-22T15:08:25","modified_gmt":"2021-06-22T13:08:25","slug":"cafes-bars-und-restaurants","status":"publish","type":"page","link":"https:\/\/kulturweit.blog\/brianagrupp\/tirana\/cafes-bars-und-restaurants\/","title":{"rendered":"Cafes, Bars und Restaurants"},"content":{"rendered":"<h1>Cafes<\/h1>\n<h4 class=\"section-hero-header-title-title gm2-headline-5\">The Tea Room Cafe<\/h4>\n<p>Super s\u00fc\u00dfes Cafe. Wenn ihr Tee liebt, werdet ihr diesen Ort lieben. Der Bediener ist sehr nett. Joelle und ich hatten zwei Eiskafes und einen Zitronenkuchen und einen Keks. Alles zusammen hat 400 LEK\u00a0<span style=\"font-size: 1rem\">(ca. 3Euro) <\/span><span style=\"font-size: 1rem\">gekostet.<\/span><\/p>\n<p><a href=\"https:\/\/kulturweit.blog\/brianagrupp\/files\/2021\/06\/IMG_9320.jpg\"><img loading=\"lazy\" decoding=\"async\" class=\"alignnone size-medium wp-image-263\" src=\"https:\/\/kulturweit.blog\/brianagrupp\/files\/2021\/06\/IMG_9320-300x168.jpg\" alt=\"\" width=\"300\" height=\"168\" srcset=\"https:\/\/kulturweit.blog\/brianagrupp\/files\/2021\/06\/IMG_9320-300x168.jpg 300w, https:\/\/kulturweit.blog\/brianagrupp\/files\/2021\/06\/IMG_9320-768x431.jpg 768w, https:\/\/kulturweit.blog\/brianagrupp\/files\/2021\/06\/IMG_9320-624x350.jpg 624w, https:\/\/kulturweit.blog\/brianagrupp\/files\/2021\/06\/IMG_9320.jpg 1024w\" sizes=\"(max-width: 300px) 100vw, 300px\" \/><\/a> <a href=\"https:\/\/kulturweit.blog\/brianagrupp\/files\/2021\/06\/IMG_9321.jpg\"><img loading=\"lazy\" decoding=\"async\" class=\"alignnone size-medium wp-image-264\" src=\"https:\/\/kulturweit.blog\/brianagrupp\/files\/2021\/06\/IMG_9321-300x168.jpg\" alt=\"\" width=\"300\" height=\"168\" srcset=\"https:\/\/kulturweit.blog\/brianagrupp\/files\/2021\/06\/IMG_9321-300x168.jpg 300w, https:\/\/kulturweit.blog\/brianagrupp\/files\/2021\/06\/IMG_9321-768x431.jpg 768w, https:\/\/kulturweit.blog\/brianagrupp\/files\/2021\/06\/IMG_9321-624x350.jpg 624w, https:\/\/kulturweit.blog\/brianagrupp\/files\/2021\/06\/IMG_9321.jpg 1024w\" sizes=\"(max-width: 300px) 100vw, 300px\" \/><\/a> <a href=\"https:\/\/kulturweit.blog\/brianagrupp\/files\/2021\/06\/IMG_9322.jpg\"><img loading=\"lazy\" decoding=\"async\" class=\"alignnone size-medium wp-image-265\" src=\"https:\/\/kulturweit.blog\/brianagrupp\/files\/2021\/06\/IMG_9322-300x168.jpg\" alt=\"\" width=\"300\" height=\"168\" srcset=\"https:\/\/kulturweit.blog\/brianagrupp\/files\/2021\/06\/IMG_9322-300x168.jpg 300w, https:\/\/kulturweit.blog\/brianagrupp\/files\/2021\/06\/IMG_9322-768x431.jpg 768w, https:\/\/kulturweit.blog\/brianagrupp\/files\/2021\/06\/IMG_9322-624x350.jpg 624w, https:\/\/kulturweit.blog\/brianagrupp\/files\/2021\/06\/IMG_9322.jpg 1024w\" sizes=\"(max-width: 300px) 100vw, 300px\" \/><\/a> <a href=\"https:\/\/kulturweit.blog\/brianagrupp\/files\/2021\/06\/IMG_9323.jpg\"><img loading=\"lazy\" decoding=\"async\" class=\"alignnone size-medium wp-image-266\" src=\"https:\/\/kulturweit.blog\/brianagrupp\/files\/2021\/06\/IMG_9323-300x168.jpg\" alt=\"\" width=\"300\" height=\"168\" srcset=\"https:\/\/kulturweit.blog\/brianagrupp\/files\/2021\/06\/IMG_9323-300x168.jpg 300w, https:\/\/kulturweit.blog\/brianagrupp\/files\/2021\/06\/IMG_9323-768x431.jpg 768w, https:\/\/kulturweit.blog\/brianagrupp\/files\/2021\/06\/IMG_9323-624x350.jpg 624w, https:\/\/kulturweit.blog\/brianagrupp\/files\/2021\/06\/IMG_9323.jpg 1024w\" sizes=\"(max-width: 300px) 100vw, 300px\" \/><\/a><\/p>\n<h4 class=\"section-hero-header-title-title gm2-headline-5\">Coko<\/h4>\n<p>Sehr leckeres Fr\u00fchst\u00fcck. Die Atmosph\u00e4re ist auch sehr s\u00fc\u00df, aber nicht so besonders. Ich glaube es gibt von diesen Cafes sehr vielen. Trotzdem ist das Essen der Hammer!<\/p>\n<p><a href=\"https:\/\/kulturweit.blog\/brianagrupp\/files\/2021\/05\/IMG_8812.jpg\"><img loading=\"lazy\" decoding=\"async\" class=\"alignnone size-medium wp-image-224\" src=\"https:\/\/kulturweit.blog\/brianagrupp\/files\/2021\/05\/IMG_8812-300x168.jpg\" alt=\"\" width=\"300\" height=\"168\" srcset=\"https:\/\/kulturweit.blog\/brianagrupp\/files\/2021\/05\/IMG_8812-300x168.jpg 300w, https:\/\/kulturweit.blog\/brianagrupp\/files\/2021\/05\/IMG_8812-768x431.jpg 768w, https:\/\/kulturweit.blog\/brianagrupp\/files\/2021\/05\/IMG_8812-624x350.jpg 624w, https:\/\/kulturweit.blog\/brianagrupp\/files\/2021\/05\/IMG_8812.jpg 1024w\" sizes=\"(max-width: 300px) 100vw, 300px\" \/><\/a> <a href=\"https:\/\/kulturweit.blog\/brianagrupp\/files\/2021\/05\/IMG_8813.jpg\"><img loading=\"lazy\" decoding=\"async\" class=\"alignnone size-medium wp-image-225\" src=\"https:\/\/kulturweit.blog\/brianagrupp\/files\/2021\/05\/IMG_8813-300x168.jpg\" alt=\"\" width=\"300\" height=\"168\" srcset=\"https:\/\/kulturweit.blog\/brianagrupp\/files\/2021\/05\/IMG_8813-300x168.jpg 300w, https:\/\/kulturweit.blog\/brianagrupp\/files\/2021\/05\/IMG_8813-768x431.jpg 768w, https:\/\/kulturweit.blog\/brianagrupp\/files\/2021\/05\/IMG_8813-624x350.jpg 624w, https:\/\/kulturweit.blog\/brianagrupp\/files\/2021\/05\/IMG_8813.jpg 1024w\" sizes=\"(max-width: 300px) 100vw, 300px\" \/><\/a><\/p>\n<h4 class=\"section-hero-header-title-title gm2-headline-5\">Librari &#8211; Bar &#8211; Restorant E P\u00ebr7shme<\/h4>\n<p><a href=\"https:\/\/kulturweit.blog\/brianagrupp\/files\/2021\/04\/IMG_6888.jpg\"><img loading=\"lazy\" decoding=\"async\" class=\"wp-image-138 alignleft\" src=\"https:\/\/kulturweit.blog\/brianagrupp\/files\/2021\/04\/IMG_6888-300x168.jpg\" alt=\"\" width=\"281\" height=\"158\" srcset=\"https:\/\/kulturweit.blog\/brianagrupp\/files\/2021\/04\/IMG_6888-300x168.jpg 300w, https:\/\/kulturweit.blog\/brianagrupp\/files\/2021\/04\/IMG_6888-768x431.jpg 768w, https:\/\/kulturweit.blog\/brianagrupp\/files\/2021\/04\/IMG_6888-624x350.jpg 624w, https:\/\/kulturweit.blog\/brianagrupp\/files\/2021\/04\/IMG_6888.jpg 1024w\" sizes=\"(max-width: 281px) 100vw, 281px\" \/><\/a>Hier kenne ich schon den Namen von dem Bediener. Er hei\u00dft Mario und ist so nett. Er bringt mir immer einen Cappucino (1,20 Euro) und einen Schokocroissant (1 Euro).\u00a0 Das Cafe sieht von au\u00dfen sehr unwillkommen aus und kam mir leer vor, aber man muss nach hinten laufen. Da gibt es einen wundersch\u00f6nen Wintergarten und Garten. Meistens halten sich dort Jugendliche auf.<\/p>\n<h4>Komiteti Muzeum Kafe<\/h4>\n<p><a href=\"https:\/\/kulturweit.blog\/brianagrupp\/files\/2021\/04\/IMG_8093.jpg\"><img loading=\"lazy\" decoding=\"async\" class=\" wp-image-153 alignleft\" src=\"https:\/\/kulturweit.blog\/brianagrupp\/files\/2021\/04\/IMG_8093-300x534.jpg\" alt=\"\" width=\"223\" height=\"397\" srcset=\"https:\/\/kulturweit.blog\/brianagrupp\/files\/2021\/04\/IMG_8093-300x534.jpg 300w, https:\/\/kulturweit.blog\/brianagrupp\/files\/2021\/04\/IMG_8093.jpg 575w\" sizes=\"(max-width: 223px) 100vw, 223px\" \/><\/a>Das ist ein Cafe und eine Bar. Super cool. Liebe es dort. Es gibt dort sooooooooooo einen guten Zitronenkuchen. Einer der Besten, die ich je probiert habe. Das Cafe hat auch lauter Antiquarit\u00e4ten und es geht tiefer als man denkt. Es gibt kleine dunkle Ecken, die sehr gem\u00fcglich sind und andere Pl\u00e4tze, die ein bisschen \u00f6ffentlicher sind. Eins meiner Lieblingscafes.<\/p>\n<p><img loading=\"lazy\" decoding=\"async\" class=\"alignnone wp-image-154\" src=\"https:\/\/kulturweit.blog\/brianagrupp\/files\/2021\/04\/IMG_8095-300x168.jpg\" alt=\"\" width=\"362\" height=\"203\" srcset=\"https:\/\/kulturweit.blog\/brianagrupp\/files\/2021\/04\/IMG_8095-300x168.jpg 300w, https:\/\/kulturweit.blog\/brianagrupp\/files\/2021\/04\/IMG_8095-768x431.jpg 768w, https:\/\/kulturweit.blog\/brianagrupp\/files\/2021\/04\/IMG_8095-624x350.jpg 624w, https:\/\/kulturweit.blog\/brianagrupp\/files\/2021\/04\/IMG_8095.jpg 1024w\" sizes=\"(max-width: 362px) 100vw, 362px\" \/><\/p>\n<h4>Votra Cafe<\/h4>\n<p>Der Service ist sehr nett und es ist ein richtig s\u00fc\u00dfes Cafe mit alten Antiquit\u00e4ten. Wir sa\u00dfen neben einer N\u00e4hmaschine und das war echt super nett.<\/p>\n<p><a href=\"https:\/\/kulturweit.blog\/brianagrupp\/files\/2021\/06\/IMG_0035-rotated.jpg\"><img loading=\"lazy\" decoding=\"async\" class=\"alignnone size-medium wp-image-290\" src=\"https:\/\/kulturweit.blog\/brianagrupp\/files\/2021\/06\/IMG_0035-300x225.jpg\" alt=\"\" width=\"300\" height=\"225\" srcset=\"https:\/\/kulturweit.blog\/brianagrupp\/files\/2021\/06\/IMG_0035-300x225.jpg 300w, https:\/\/kulturweit.blog\/brianagrupp\/files\/2021\/06\/IMG_0035-624x468.jpg 624w, https:\/\/kulturweit.blog\/brianagrupp\/files\/2021\/06\/IMG_0035-rotated.jpg 640w\" sizes=\"(max-width: 300px) 100vw, 300px\" \/><\/a> <a href=\"https:\/\/kulturweit.blog\/brianagrupp\/files\/2021\/06\/IMG_0032-rotated.jpg\"><img loading=\"lazy\" decoding=\"async\" class=\"alignnone size-medium wp-image-291\" src=\"https:\/\/kulturweit.blog\/brianagrupp\/files\/2021\/06\/IMG_0032-300x225.jpg\" alt=\"\" width=\"300\" height=\"225\" srcset=\"https:\/\/kulturweit.blog\/brianagrupp\/files\/2021\/06\/IMG_0032-300x225.jpg 300w, https:\/\/kulturweit.blog\/brianagrupp\/files\/2021\/06\/IMG_0032-624x468.jpg 624w, https:\/\/kulturweit.blog\/brianagrupp\/files\/2021\/06\/IMG_0032-rotated.jpg 640w\" sizes=\"(max-width: 300px) 100vw, 300px\" \/><\/a><\/p>\n<h1>Bars<\/h1>\n<h4>Kino Bar<\/h4>\n<p>Die Kino Bar ist richtig popul\u00e4r f\u00fcr Tiraner. Freitags gibt es meistens einen DJ und dann ist die Bar richtig voll. Man kann beim Eingang kaum durch laufen und das ist W\u00c4HREND Corona Zeiten. Der Bartender rennt immer \u00fcberall hin und die meisten sind gef\u00fchlt Stammkunden, die sein Namen schon kennen. Der Look der Bar ist auch voll gem\u00fcglich und man findet dort nur K\u00fcnstler! Ich habe dort vier Frauen angesprochen und eine hat Graphic Design studiert, die andere studiert Regie und noch eine studierte Kunst. Alle Frauen waren in verschiedenen Ecke in der Bar.<\/p>\n<h4>Radio Bar<\/h4>\n<p>Diese Bar sieht sehr cool aus. Im Wintergarten befinden sich komischerweise alle G\u00e4ste immer. Der Espresso Martini ist sehr gut und dort habe ich ein M\u00e4dchen kennengelernt, die super nett und offen ist. Sie hat mir \u00fcber Klettern erz\u00e4hlt und jetzt werde ich klettern anfangen. \ud83d\ude42<\/p>\n<h4>Velvet Bar<\/h4>\n<p>Die Velvet Bar ist perfekt f\u00fcr tanzen. Jeder tanzt Salsa oder verschiedene lateinische T\u00e4nze dort und es macht so viel Spa\u00df!! Au\u00dferdem haben sie noch offen, obwohl um 22 Uhr Ausgangsperre ist. Ich war dort bis 23:30 bevor sie jeden nach Hause geschickt haben.<\/p>\n<h1>Restaurants<\/h1>\n<h4>Mullixhiu<\/h4>\n<p>Beste Restaurant in Tirana bisher. Der Kellner ist auch so nett habe mit ihn \u00fcber fast alles geredet. Er kann auch sehr gutes Deutsch und Englisch.<\/p>\n<h4>Artigiano<\/h4>\n<p>I<a href=\"https:\/\/kulturweit.blog\/brianagrupp\/files\/2021\/04\/IMG_7187.jpg\"><img loading=\"lazy\" decoding=\"async\" class=\" wp-image-145 alignright\" src=\"https:\/\/kulturweit.blog\/brianagrupp\/files\/2021\/04\/IMG_7187-300x168.jpg\" alt=\"\" width=\"302\" height=\"169\" srcset=\"https:\/\/kulturweit.blog\/brianagrupp\/files\/2021\/04\/IMG_7187-300x168.jpg 300w, https:\/\/kulturweit.blog\/brianagrupp\/files\/2021\/04\/IMG_7187-768x431.jpg 768w, https:\/\/kulturweit.blog\/brianagrupp\/files\/2021\/04\/IMG_7187-624x350.jpg 624w, https:\/\/kulturweit.blog\/brianagrupp\/files\/2021\/04\/IMG_7187.jpg 1024w\" sizes=\"(max-width: 302px) 100vw, 302px\" \/><\/a>st ein sehr sch\u00f6nes Restaurant mit leckerem Essen.<span style=\"font-size: 1rem\">Teuer f\u00fcr albanische Preise. Annika und ich haben am Ende so 3,000 LEK ( 24 Euro ) bezahlt. Daf\u00fcr haben wir zwei Hauptgerichte,Focaccias, 1L Wasser, Lemon Soda, und Dessert bekommen.<\/span><\/p>\n","protected":false},"excerpt":{"rendered":"<p>Cafes The Tea Room Cafe Super s\u00fc\u00dfes Cafe. Wenn ihr Tee liebt, werdet ihr diesen Ort lieben. Der Bediener ist sehr nett. Joelle und ich hatten zwei Eiskafes und einen Zitronenkuchen und einen Keks. Alles zusammen hat 400 LEK\u00a0(ca. 3Euro) gekostet. Coko Sehr leckeres Fr\u00fchst\u00fcck. Die Atmosph\u00e4re ist auch sehr s\u00fc\u00df, aber nicht so besonders. [&hellip;]<\/p>\n","protected":false},"author":2949,"featured_media":0,"parent":23,"menu_order":0,"comment_status":"closed","ping_status":"closed","template":"","meta":{"footnotes":""},"class_list":["post-137","page","type-page","status-publish","hentry"],"amp_enabled":true,"_links":{"self":[{"href":"https:\/\/kulturweit.blog\/brianagrupp\/wp-json\/wp\/v2\/pages\/137"}],"collection":[{"href":"https:\/\/kulturweit.blog\/brianagrupp\/wp-json\/wp\/v2\/pages"}],"about":[{"href":"https:\/\/kulturweit.blog\/brianagrupp\/wp-json\/wp\/v2\/types\/page"}],"author":[{"embeddable":true,"href":"https:\/\/kulturweit.blog\/brianagrupp\/wp-json\/wp\/v2\/users\/2949"}],"replies":[{"embeddable":true,"href":"https:\/\/kulturweit.blog\/brianagrupp\/wp-json\/wp\/v2\/comments?post=137"}],"version-history":[{"count":3,"href":"https:\/\/kulturweit.blog\/brianagrupp\/wp-json\/wp\/v2\/pages\/137\/revisions"}],"predecessor-version":[{"id":292,"href":"https:\/\/kulturweit.blog\/brianagrupp\/wp-json\/wp\/v2\/pages\/137\/revisions\/292"}],"up":[{"embeddable":true,"href":"https:\/\/kulturweit.blog\/brianagrupp\/wp-json\/wp\/v2\/pages\/23"}],"wp:attachment":[{"href":"https:\/\/kulturweit.blog\/brianagrupp\/wp-json\/wp\/v2\/media?parent=137"}],"curies":[{"name":"wp","href":"https:\/\/api.w.org\/{rel}","templated":true}]}}