{"id":5,"date":"2016-09-19T20:05:42","date_gmt":"2016-09-19T18:05:42","guid":{"rendered":"https:\/\/kulturweit.blog\/bratislava\/?page_id=5"},"modified":"2016-09-19T22:54:24","modified_gmt":"2016-09-19T20:54:24","slug":"ein-par-worte-zu-mir","status":"publish","type":"page","link":"https:\/\/kulturweit.blog\/bratislava\/ein-par-worte-zu-mir\/","title":{"rendered":"Ein par Worte zu mir"},"content":{"rendered":"<p>Ich, Ulrike, schreibe in diesem Block \u00fcber meinen\u00a0 6 Monatigen Freiwilligen Dienst in Bratislava (Slowakei).<\/p>\n<p>Da ich aus meiner\u00a0individuellen Sicht schreibe, von Ereignissen und Gegebenheiten die ich pers\u00f6nlich gesehen, geh\u00f6rt, geschmeckt, gef\u00fchlt &#8211; erlebt habe, m\u00f6chte ich euch ein par kurze Infos zu mir, meiner Person, meinem bisherigen Leben&#8230; geben.<\/p>\n<p>Ich\u00a0geh\u00f6re mit meinen 25 Jahren wohl zum alten Eisen der Kulturweit Freiwilligen und scheinbar auch der seltenen Spezies der Leute an, die nicht gerade erst Abitur gemacht haben, oder studieren, oder studiert haben. Auf dem 10 T\u00e4gigen Einf\u00fchrungsseminar am Werbellinsee, habe ich keinen anderen Freiwilligen getroffen, der in der gleichen Situation war, wie ich: Im Berufsleben. Aber da es 252 Leute waren, konnte ich auch schlecht Jeden fragen.<\/p>\n<p>Nach meinem Abi, welches gar nicht so schlecht, aber auch nicht\u00a01,0 war, entschloss ich mich mein Hobby zum Beruf zu machen.<\/p>\n<p>Ehrenamtlich engagiere ich mich seit Jahren beim Deutschen Roten Kreuz, durch welches ich Einblick in den Katastrophenschutz, Rettungsdienst und noch viel mehr bekam und lieben lernte.<\/p>\n<p>Zuerst absolvierte ich eine Ausbildung zur Rettungssanit\u00e4terin, danach eine Ausbildung zur Krankenschwester. (Hei\u00dft heute Gesundheits- und Krankenpflegerin, da man nicht nur Erkrankte pflegt, sondern auch f\u00fcr die Gesunderhaltung und Pr\u00e4vention zust\u00e4ndig ist :P)<\/p>\n<p>In diesem sch\u00f6nen Beruf arbeite ich auch seit meinem Examen vor 1 1\/2 Jahren auf einer\u00a0Interdisziplin\u00e4ren Intensivstation, haupts\u00e4chlich auf der Bauchchirurgischen Seite.<\/p>\n<p>Inspiriert von meinem Schwesterherz, welches mit Kulturweit 1 Jahr in Windhoek (Namibia) war, und wissend, dass ich eh noch 50 Jahre oder so arbeiten muss, schickte ich letztes Jahr meine Bewerbung f\u00fcr Kulturweit ab.<\/p>\n<p>Ab April war dann klar, das es f\u00fcr mich in die Slowakei geht!<\/p>\n<p>&nbsp;<\/p>\n<p>&nbsp;<\/p>\n","protected":false},"excerpt":{"rendered":"<p>Ich, Ulrike, schreibe in diesem Block \u00fcber meinen\u00a0 6 Monatigen Freiwilligen Dienst in Bratislava (Slowakei). Da ich aus meiner\u00a0individuellen Sicht schreibe, von Ereignissen und Gegebenheiten die ich pers\u00f6nlich gesehen, geh\u00f6rt, geschmeckt, gef\u00fchlt &#8211; erlebt habe, m\u00f6chte ich euch ein par kurze Infos zu mir, meiner Person, meinem bisherigen Leben&#8230; geben. Ich\u00a0geh\u00f6re mit meinen 25 Jahren [&hellip;]<\/p>\n","protected":false},"author":1994,"featured_media":7,"parent":0,"menu_order":0,"comment_status":"closed","ping_status":"closed","template":"","meta":{"footnotes":""},"class_list":["post-5","page","type-page","status-publish","has-post-thumbnail","hentry"],"amp_enabled":true,"_links":{"self":[{"href":"https:\/\/kulturweit.blog\/bratislava\/wp-json\/wp\/v2\/pages\/5"}],"collection":[{"href":"https:\/\/kulturweit.blog\/bratislava\/wp-json\/wp\/v2\/pages"}],"about":[{"href":"https:\/\/kulturweit.blog\/bratislava\/wp-json\/wp\/v2\/types\/page"}],"author":[{"embeddable":true,"href":"https:\/\/kulturweit.blog\/bratislava\/wp-json\/wp\/v2\/users\/1994"}],"replies":[{"embeddable":true,"href":"https:\/\/kulturweit.blog\/bratislava\/wp-json\/wp\/v2\/comments?post=5"}],"version-history":[{"count":2,"href":"https:\/\/kulturweit.blog\/bratislava\/wp-json\/wp\/v2\/pages\/5\/revisions"}],"predecessor-version":[{"id":16,"href":"https:\/\/kulturweit.blog\/bratislava\/wp-json\/wp\/v2\/pages\/5\/revisions\/16"}],"wp:featuredmedia":[{"embeddable":true,"href":"https:\/\/kulturweit.blog\/bratislava\/wp-json\/wp\/v2\/media\/7"}],"wp:attachment":[{"href":"https:\/\/kulturweit.blog\/bratislava\/wp-json\/wp\/v2\/media?parent=5"}],"curies":[{"name":"wp","href":"https:\/\/api.w.org\/{rel}","templated":true}]}}