{"id":16,"date":"2018-10-12T22:52:59","date_gmt":"2018-10-12T20:52:59","guid":{"rendered":"https:\/\/kulturweit.blog\/botography\/?page_id=16"},"modified":"2018-10-16T00:26:14","modified_gmt":"2018-10-15T22:26:14","slug":"warum-botography","status":"publish","type":"page","link":"https:\/\/kulturweit.blog\/botography\/","title":{"rendered":"Warum Botography?"},"content":{"rendered":"<p style=\"text-align: center\"><em>Wenn ich Geschichte in Worten erz\u00e4hlen k\u00f6nnte, br\u00e4uchte ich keine Kamera herumzuschleppen.<\/em><\/p>\n<p style=\"text-align: center\">\u2013 Lewis Hine \u2013<\/p>\n<p style=\"text-align: left\">Seit diesem Jahr habe ich meine Leidenschaft f\u00fcrs Fotografieren entdeckt und gehe seitdem selten ohne meine Kamera aus dem Haus. Um mein neu entdecktes Hobby auszu\u00fcben eignet sich Bogot\u00e1 perfekt. T\u00e4glich habe ich neue Motive vor der Linse von interessanten Alltagssituationen \u00fcber Street-Art bishin zu atemberaubenden Landschaften.<\/p>\n<p>&nbsp;<\/p>\n<p>&nbsp;<\/p>\n","protected":false},"excerpt":{"rendered":"<p>Wenn ich Geschichte in Worten erz\u00e4hlen k\u00f6nnte, br\u00e4uchte ich keine Kamera herumzuschleppen. \u2013 Lewis Hine \u2013 Seit diesem Jahr habe ich meine Leidenschaft f\u00fcrs Fotografieren entdeckt und gehe seitdem selten ohne meine Kamera aus dem Haus. Um mein neu entdecktes Hobby auszu\u00fcben eignet sich Bogot\u00e1 perfekt. T\u00e4glich habe ich neue Motive vor der Linse von &hellip; <a href=\"https:\/\/kulturweit.blog\/botography\/\" class=\"more-link\"><span class=\"screen-reader-text\">Warum Botography?<\/span> weiterlesen <span class=\"meta-nav\">&rarr;<\/span><\/a><\/p>\n","protected":false},"author":2511,"featured_media":0,"parent":0,"menu_order":0,"comment_status":"closed","ping_status":"closed","template":"","meta":{"footnotes":""},"class_list":["post-16","page","type-page","status-publish","hentry"],"amp_enabled":false,"_links":{"self":[{"href":"https:\/\/kulturweit.blog\/botography\/wp-json\/wp\/v2\/pages\/16"}],"collection":[{"href":"https:\/\/kulturweit.blog\/botography\/wp-json\/wp\/v2\/pages"}],"about":[{"href":"https:\/\/kulturweit.blog\/botography\/wp-json\/wp\/v2\/types\/page"}],"author":[{"embeddable":true,"href":"https:\/\/kulturweit.blog\/botography\/wp-json\/wp\/v2\/users\/2511"}],"replies":[{"embeddable":true,"href":"https:\/\/kulturweit.blog\/botography\/wp-json\/wp\/v2\/comments?post=16"}],"version-history":[{"count":3,"href":"https:\/\/kulturweit.blog\/botography\/wp-json\/wp\/v2\/pages\/16\/revisions"}],"predecessor-version":[{"id":60,"href":"https:\/\/kulturweit.blog\/botography\/wp-json\/wp\/v2\/pages\/16\/revisions\/60"}],"wp:attachment":[{"href":"https:\/\/kulturweit.blog\/botography\/wp-json\/wp\/v2\/media?parent=16"}],"curies":[{"name":"wp","href":"https:\/\/api.w.org\/{rel}","templated":true}]}}