{"id":2,"date":"2015-03-15T22:24:53","date_gmt":"2015-03-15T22:24:53","guid":{"rendered":"https:\/\/kulturweit.blog\/bjhustle\/?page_id=2"},"modified":"2015-03-19T05:38:21","modified_gmt":"2015-03-19T04:38:21","slug":"beispiel-seite","status":"publish","type":"page","link":"https:\/\/kulturweit.blog\/bjhustle\/beispiel-seite\/","title":{"rendered":"\u56e7"},"content":{"rendered":"<p>Wer bin ich?<\/p>\n<p>Mein Name ist Phuong oder Feng (sprich: Fong), ein Viertel Jahrhundert alt, Teilzeit-Lebensk\u00fcnstlerin, Foodlover und ein Einhorn.<\/p>\n<p>Was mache ich?<\/p>\n<p>Ich bin gerade dabei von M\u00e4rz bis August 2015 \u00fcber kulturweit einen Freiwilligendienst am Goethe-Institut Peking zu absolvieren.<\/p>\n<p>Und wenn ich nicht irgendwo auf der anderen Seite des Globus abh\u00e4nge, bin ich am Studieren. Aber meistens bin ich ein Einhorn.<\/p>\n<p>&nbsp;<\/p>\n","protected":false},"excerpt":{"rendered":"<p>Wer bin ich? Mein Name ist Phuong oder Feng (sprich: Fong), ein Viertel Jahrhundert alt, Teilzeit-Lebensk\u00fcnstlerin, Foodlover und ein Einhorn. Was mache ich? Ich bin gerade dabei von M\u00e4rz bis August 2015 \u00fcber kulturweit einen Freiwilligendienst am Goethe-Institut Peking zu absolvieren. Und wenn ich nicht irgendwo auf der anderen Seite des Globus abh\u00e4nge, bin ich &hellip; <a href=\"https:\/\/kulturweit.blog\/bjhustle\/beispiel-seite\/\" class=\"more-link\"><span class=\"screen-reader-text\">\u56e7<\/span> weiterlesen <span class=\"meta-nav\">&rarr;<\/span><\/a><\/p>\n","protected":false},"author":1525,"featured_media":0,"parent":0,"menu_order":0,"comment_status":"closed","ping_status":"open","template":"","meta":{"footnotes":""},"class_list":["post-2","page","type-page","status-publish","hentry"],"amp_enabled":true,"_links":{"self":[{"href":"https:\/\/kulturweit.blog\/bjhustle\/wp-json\/wp\/v2\/pages\/2"}],"collection":[{"href":"https:\/\/kulturweit.blog\/bjhustle\/wp-json\/wp\/v2\/pages"}],"about":[{"href":"https:\/\/kulturweit.blog\/bjhustle\/wp-json\/wp\/v2\/types\/page"}],"author":[{"embeddable":true,"href":"https:\/\/kulturweit.blog\/bjhustle\/wp-json\/wp\/v2\/users\/1525"}],"replies":[{"embeddable":true,"href":"https:\/\/kulturweit.blog\/bjhustle\/wp-json\/wp\/v2\/comments?post=2"}],"version-history":[{"count":1,"href":"https:\/\/kulturweit.blog\/bjhustle\/wp-json\/wp\/v2\/pages\/2\/revisions"}],"predecessor-version":[{"id":18,"href":"https:\/\/kulturweit.blog\/bjhustle\/wp-json\/wp\/v2\/pages\/2\/revisions\/18"}],"wp:attachment":[{"href":"https:\/\/kulturweit.blog\/bjhustle\/wp-json\/wp\/v2\/media?parent=2"}],"curies":[{"name":"wp","href":"https:\/\/api.w.org\/{rel}","templated":true}]}}