{"id":27,"date":"2018-09-03T22:30:50","date_gmt":"2018-09-03T20:30:50","guid":{"rendered":"https:\/\/kulturweit.blog\/baobablog\/?page_id=27"},"modified":"2018-09-03T22:30:50","modified_gmt":"2018-09-03T20:30:50","slug":"ueber-mich","status":"publish","type":"page","link":"https:\/\/kulturweit.blog\/baobablog\/ueber-mich\/","title":{"rendered":"\u00dcber mich"},"content":{"rendered":"<p>&#8222;Senegal &#8211; niemals!&#8220;<\/p>\n<p>Das war meine erste Reaktion, als ich die Einladung zu einem Telefoninterview vom Goethe-Institut in Dakar erhielt. Doch w\u00e4hrend der eine Teil von mir noch \u00fcberlegte, wie ich denn am geschicktesten absagen k\u00f6nnte, fing der weltoffene und abenteuerliche Part von mir an, sich mit dem Senegal auseinander zu setzen. Ein halbes Jahr im westlichsten Land Afrikas, in der pulsierenden Metropole Dakar zu verbringen und dort im Bereich der Kultur mitwirken zu k\u00f6nnen, wurde nach und nach von Angstvorstellung zu einer Idee und von Traum zu Realit\u00e4t. Nun werde ich &#8211; Clara,\u00a0naive 18 Jahre alt und durch das Abitur im Sommer\u00a02018\u00a0vollkommen unvorbereitet aufs wirkliche Leben &#8211; Mitte September mein gro\u00dfes Abenteuer antreten und kann es kaum erwarten. Ich m\u00f6chte auf diesem Blog\u00a0(dessen Namensgebung genau so viel geistige Anstrengung erforderte\u00a0wie mein Mathe-Abitur) nicht nur von meinen Vorbereitungen und Tagesabl\u00e4ufen w\u00e4hrend meines Freiwilligendienstes berichten. Ich m\u00f6chte durch punktuelle Berichte, Reportagen und kleinen Randnotizen\u00a0\u00fcber einzelne Erlebnisse, Eindr\u00fccke und Begegnungen aus dem t\u00e4glichen Leben erz\u00e4hlen und will so versuchen, ein m\u00f6glichst authentisches Bild dieses spannenden Landes zu zeichnen.<\/p>\n<p>Deshalb hei\u00dft es nun: Koffer packen und auf in den Senegal!<a href=\"https:\/\/kulturweit.blog\/baobablog\/files\/2018\/09\/Portrait.jpg\"><img loading=\"lazy\" decoding=\"async\" class=\"size-medium wp-image-28 alignright\" src=\"https:\/\/kulturweit.blog\/baobablog\/files\/2018\/09\/Portrait-300x316.jpg\" alt=\"\" width=\"300\" height=\"316\" srcset=\"https:\/\/kulturweit.blog\/baobablog\/files\/2018\/09\/Portrait-300x316.jpg 300w, https:\/\/kulturweit.blog\/baobablog\/files\/2018\/09\/Portrait-768x808.jpg 768w, https:\/\/kulturweit.blog\/baobablog\/files\/2018\/09\/Portrait.jpg 973w, https:\/\/kulturweit.blog\/baobablog\/files\/2018\/09\/Portrait-1x1.jpg 1w\" sizes=\"(max-width: 300px) 100vw, 300px\" \/><\/a><\/p>\n","protected":false},"excerpt":{"rendered":"<p>&#8222;Senegal &#8211; niemals!&#8220; Das war meine erste Reaktion, als ich die Einladung zu einem Telefoninterview vom Goethe-Institut in Dakar erhielt. Doch w\u00e4hrend der eine Teil von mir noch \u00fcberlegte, wie ich denn am geschicktesten absagen k\u00f6nnte, fing der weltoffene und abenteuerliche Part von mir an, sich mit dem Senegal auseinander zu setzen. Ein halbes Jahr [&hellip;]<\/p>\n","protected":false},"author":2548,"featured_media":0,"parent":0,"menu_order":0,"comment_status":"closed","ping_status":"closed","template":"","meta":{"footnotes":""},"class_list":["post-27","page","type-page","status-publish","hentry"],"amp_enabled":true,"_links":{"self":[{"href":"https:\/\/kulturweit.blog\/baobablog\/wp-json\/wp\/v2\/pages\/27"}],"collection":[{"href":"https:\/\/kulturweit.blog\/baobablog\/wp-json\/wp\/v2\/pages"}],"about":[{"href":"https:\/\/kulturweit.blog\/baobablog\/wp-json\/wp\/v2\/types\/page"}],"author":[{"embeddable":true,"href":"https:\/\/kulturweit.blog\/baobablog\/wp-json\/wp\/v2\/users\/2548"}],"replies":[{"embeddable":true,"href":"https:\/\/kulturweit.blog\/baobablog\/wp-json\/wp\/v2\/comments?post=27"}],"version-history":[{"count":1,"href":"https:\/\/kulturweit.blog\/baobablog\/wp-json\/wp\/v2\/pages\/27\/revisions"}],"predecessor-version":[{"id":29,"href":"https:\/\/kulturweit.blog\/baobablog\/wp-json\/wp\/v2\/pages\/27\/revisions\/29"}],"wp:attachment":[{"href":"https:\/\/kulturweit.blog\/baobablog\/wp-json\/wp\/v2\/media?parent=27"}],"curies":[{"name":"wp","href":"https:\/\/api.w.org\/{rel}","templated":true}]}}