{"id":339,"date":"2012-10-21T15:43:29","date_gmt":"2012-10-21T10:43:29","guid":{"rendered":"https:\/\/kulturweit.blog\/armenien2010\/?page_id=339"},"modified":"2013-12-27T16:10:32","modified_gmt":"2013-12-27T12:10:32","slug":"kapitel-9-schreibubung","status":"publish","type":"page","link":"https:\/\/kulturweit.blog\/armenien2010\/kapitel-9-schreibubung\/","title":{"rendered":"Kapitel 9: Fr\u00fchling"},"content":{"rendered":"<p style=\"text-align: center\"><a href=\"https:\/\/kulturweit.blog\/armenien2010\/files\/2011\/04\/P1040834-w700-h700.jpg\"><img loading=\"lazy\" decoding=\"async\" class=\"aligncenter\" alt=\"\" src=\"https:\/\/kulturweit.blog\/armenien2010\/files\/2011\/04\/P1040834-w700-h700-640x480.jpg\" width=\"283\" height=\"214\" \/><\/a>Der Fr\u00fchling h\u00e4lt langsam Einzug in Armenien. Wenn ich durch die Stra\u00dfen von Armavir schlendere, begegnet er mir st\u00e4ndig: Die leuchtend gelb bl\u00fchenden Narzissen in den kleinen, liebevoll gepflegten G\u00e4rten, das Gras, das sich, gerade gr\u00fcn und saftig geworden, gegen die stechenden Sonnenstrahlen wehrt und das im Sommer trotzdem erbarmungslos verdorrt wird und die Kinder, die endlich wieder drau\u00dfen spielen.<a href=\"https:\/\/kulturweit.blog\/armenien2010\/files\/2011\/04\/P1040781-w700-h700.jpg\"><img loading=\"lazy\" decoding=\"async\" class=\"alignright\" alt=\"\" src=\"https:\/\/kulturweit.blog\/armenien2010\/files\/2011\/04\/P1040781-w700-h700-640x480.jpg\" width=\"228\" height=\"171\" \/><\/a><\/p>\n<p>Es ist sch\u00f6n hier in Armenien. Obwohl auch der Winter mit seinen unterschiedlichen Facetten eine unendlich prachtvolle Seite von Armenien gezeigt hat &#8211; ich erinnere mich an den unerreichbaren und ganz in Schnee versunkenen Ararat, der sich an klaren Tagen von dem tiefblauen Himmel absetzt &#8211; \u00fcbertrumpft ihn das Fr\u00fchjar sogar noch an Sch\u00f6nheit. Der Berg, von dem man sich erz\u00e4hlt, dass die Arche der biblischen Gestalt Noah gelandet sein soll, ergr\u00fcnt immer mehr. Noch ist der gr\u00f6\u00dfte Teil von Schnee bedeckt, aber in den unteren Randgebieten hat der Fr\u00fchling den Kampf gewonnen und ebnet den Weg f\u00fcr die ersten Blumen.<\/p>\n<p style=\"text-align: center\">\n","protected":false},"excerpt":{"rendered":"<p>Der Fr\u00fchling h\u00e4lt langsam Einzug in Armenien. Wenn ich durch die Stra\u00dfen von Armavir schlendere, begegnet er mir st\u00e4ndig: Die leuchtend gelb bl\u00fchenden Narzissen in den kleinen, liebevoll gepflegten G\u00e4rten, das Gras, das sich, gerade gr\u00fcn und saftig geworden, gegen &hellip; <a href=\"https:\/\/kulturweit.blog\/armenien2010\/kapitel-9-schreibubung\/\">Weiterlesen <span class=\"meta-nav\">&rarr;<\/span><\/a><\/p>\n","protected":false},"author":300,"featured_media":0,"parent":0,"menu_order":10,"comment_status":"open","ping_status":"closed","template":"","meta":{"footnotes":""},"class_list":["post-339","page","type-page","status-publish","hentry"],"amp_enabled":true,"_links":{"self":[{"href":"https:\/\/kulturweit.blog\/armenien2010\/wp-json\/wp\/v2\/pages\/339"}],"collection":[{"href":"https:\/\/kulturweit.blog\/armenien2010\/wp-json\/wp\/v2\/pages"}],"about":[{"href":"https:\/\/kulturweit.blog\/armenien2010\/wp-json\/wp\/v2\/types\/page"}],"author":[{"embeddable":true,"href":"https:\/\/kulturweit.blog\/armenien2010\/wp-json\/wp\/v2\/users\/300"}],"replies":[{"embeddable":true,"href":"https:\/\/kulturweit.blog\/armenien2010\/wp-json\/wp\/v2\/comments?post=339"}],"version-history":[{"count":0,"href":"https:\/\/kulturweit.blog\/armenien2010\/wp-json\/wp\/v2\/pages\/339\/revisions"}],"wp:attachment":[{"href":"https:\/\/kulturweit.blog\/armenien2010\/wp-json\/wp\/v2\/media?parent=339"}],"curies":[{"name":"wp","href":"https:\/\/api.w.org\/{rel}","templated":true}]}}