{"id":336,"date":"2012-10-21T15:42:11","date_gmt":"2012-10-21T10:42:11","guid":{"rendered":"https:\/\/kulturweit.blog\/armenien2010\/?page_id=336"},"modified":"2012-10-21T15:47:10","modified_gmt":"2012-10-21T10:47:10","slug":"kapitel-8-volleyball-fur-anfanger","status":"publish","type":"page","link":"https:\/\/kulturweit.blog\/armenien2010\/kapitel-8-volleyball-fur-anfanger\/","title":{"rendered":"Kapitel 8: Volleyball f\u00fcr Anf\u00e4nger"},"content":{"rendered":"<p>Endlich ist sie da: Meine eigene, ganz pers\u00f6nliche Volleyball &#8211; AG,\u00a0 trotz Startschwierigkeiten (keine B\u00e4lle vorhanden). Dieses Problem konnte ich mithilfe von Sponsoren &#8211; hier noch mal herzlichen Dank an die Musikabteilung des Ortenburg &#8211; Gymnasiums Oberviechtach und ganz besonders an Herrn Bock und Christoph Fonk &#8211; l\u00f6sen. Und jetzt\u00a0 kann ich drei total unterschiedliche, aber auch sehr liebenswerte Mannschaften vorweisen. Die B\u00e4lle musste ich in Deutschland kaufen, da es in Armenien keine Mikasa- oder Molten &#8211; Volleyb\u00e4lle gibt, bestenfalls ganz schlechte F\u00e4lschungen, mit denen man nicht normal spielen kann. Auch kein vergleichbarer Ersatz war in den wenigen Sportgesch\u00e4ften in Eriwan zu finden&#8230;\u00a0 Aber jetzt sind sie ja da. Und inzwischen schon ganz grau vom Dreck (Staub l\u00e4sst sich das, was sich im Turnhallenboden festgesetzt hat, schon nicht mehr nennen, obwohl regelm\u00e4\u00dfig gewischt wird) und ein bisschen gr\u00fcn, dort wo die gr\u00fcn angemalten Bretter, durchschimmern. Aber im Gegensatz zu den anderen Schulen HABEN wir zumindest eine Turnhalle, die benutzbar ist. Und inzwischen finde ich sie echt super: Das Netz ist zweckm\u00e4\u00dfig und Linien sind vorhanden.<\/p>\n<p>Momentan trainiere ich drei Mannschaften:<\/p>\n<p>Eine M\u00e4delsmannschaft, 8. und 9. Klasse &#8211; echt goldig und es macht echt Spa\u00df, mit ihnen zu spielen! Denn sowas hat gefehlt. Im Sportunterricht, der nicht getrennt stattfindet, wird das Spielfeld bzw. die ganze Turnhalle von den Jungs beherrscht und die M\u00e4dels trauen sich dann nicht, in das Spielgeschehen einzugreifen (was durchaus verst\u00e4ndlich ist). Das m\u00f6chte ich \u00e4ndern. Bzw. das habe ich mir fest vorgenommen, das zu \u00e4ndern (M\u00e4dels an die Macht!). Und inzwischen ist das Team von anfangs 6 M\u00e4dels auf 9 angewachsen!<\/p>\n<p style=\"text-align: center\"><a href=\"https:\/\/kulturweit.blog\/armenien2010\/files\/2011\/02\/P1040495-w700-h700.jpg\"><img loading=\"lazy\" decoding=\"async\" class=\"aligncenter\" src=\"https:\/\/kulturweit.blog\/armenien2010\/files\/2011\/02\/P1040495-w700-h700-640x480.jpg\" alt=\"\" width=\"510\" height=\"382\" \/><\/a><\/p>\n<p>Eine Jungsmannschaft, 8. und 9. Klasse, klein aber fein. Hier habe ich am wenigsten Zulauf, aber ich muss sagen, es ist einfach entspannter, wenn jeder einen Ball hat. Auch ewig super, die Truppe, ein bisschen unruhig noch, aber mit ein paar Liegest\u00fctzen wird das schon noch. ^^ Momentan kommen 5 Jungs, das werde ich aber noch \u00e4ndern.<\/p>\n<p>Eine &#8222;M\u00e4nner&#8220;mannschaft, eigentlich f\u00fcr die 10. und 11. Klasse gedacht, aber da auch andere aus dem Dorf mitspielen wollen (aus der Schule raus und arbeitslos), die auch nicht \u00e4lter aussehen, aber definitiv \u00e4lter sind, hei\u00dft sie f\u00fcr mich &#8222;M\u00e4nner&#8220;mannschaft. Die meisten habe ich schon aussortiert, die nicht dazu geh\u00f6ren bzw. einfach nur gaffen, und so komme ich auch zu einem einigerma\u00dfen strukturierten Spiel. Hier halte ich kein richtiges Training, ich stelle nur Regeln auf, z.B. 3x spielen, sonst Punkt f\u00fcr die anderen und Rotationsfolge beachten (des checken sie aber noch nicht ganz &#8211; tja, mein Armenisch&#8230;. -.- Erg\u00e4nzung: Deren Deutsch&#8230;. -.-). Momentan kommen 12 Jungs!<\/p>\n<p style=\"text-align: center\"><a href=\"https:\/\/kulturweit.blog\/armenien2010\/files\/2011\/02\/P1040492-Kopie-w700-h700.jpg\"><img loading=\"lazy\" decoding=\"async\" class=\"aligncenter\" src=\"https:\/\/kulturweit.blog\/armenien2010\/files\/2011\/02\/P1040492-Kopie-w700-h700-640x480.jpg\" alt=\"\" width=\"510\" height=\"382\" \/><\/a><\/p>\n<p>Alles in allem, momentan bin ich ein bisschen gestresst, m\u00fcde (ja, ich gebs zu, so unsportlich wie im Moment war ich noch nie), aber definitiv gl\u00fccklich und zufrieden. K\u00f6nnte nicht besser laufen &#8211; ich bleib auf jeden Fall dran, dass es weiter l\u00e4uft. Denn Volleyball = amore!<\/p>\n","protected":false},"excerpt":{"rendered":"<p>Endlich ist sie da: Meine eigene, ganz pers\u00f6nliche Volleyball &#8211; AG,\u00a0 trotz Startschwierigkeiten (keine B\u00e4lle vorhanden). Dieses Problem konnte ich mithilfe von Sponsoren &#8211; hier noch mal herzlichen Dank an die Musikabteilung des Ortenburg &#8211; Gymnasiums Oberviechtach und ganz besonders &hellip; <a href=\"https:\/\/kulturweit.blog\/armenien2010\/kapitel-8-volleyball-fur-anfanger\/\">Weiterlesen <span class=\"meta-nav\">&rarr;<\/span><\/a><\/p>\n","protected":false},"author":300,"featured_media":0,"parent":0,"menu_order":9,"comment_status":"open","ping_status":"closed","template":"","meta":{"footnotes":""},"class_list":["post-336","page","type-page","status-publish","hentry"],"amp_enabled":true,"_links":{"self":[{"href":"https:\/\/kulturweit.blog\/armenien2010\/wp-json\/wp\/v2\/pages\/336"}],"collection":[{"href":"https:\/\/kulturweit.blog\/armenien2010\/wp-json\/wp\/v2\/pages"}],"about":[{"href":"https:\/\/kulturweit.blog\/armenien2010\/wp-json\/wp\/v2\/types\/page"}],"author":[{"embeddable":true,"href":"https:\/\/kulturweit.blog\/armenien2010\/wp-json\/wp\/v2\/users\/300"}],"replies":[{"embeddable":true,"href":"https:\/\/kulturweit.blog\/armenien2010\/wp-json\/wp\/v2\/comments?post=336"}],"version-history":[{"count":0,"href":"https:\/\/kulturweit.blog\/armenien2010\/wp-json\/wp\/v2\/pages\/336\/revisions"}],"wp:attachment":[{"href":"https:\/\/kulturweit.blog\/armenien2010\/wp-json\/wp\/v2\/media?parent=336"}],"curies":[{"name":"wp","href":"https:\/\/api.w.org\/{rel}","templated":true}]}}