{"id":333,"date":"2012-10-21T15:40:46","date_gmt":"2012-10-21T10:40:46","guid":{"rendered":"https:\/\/kulturweit.blog\/armenien2010\/?page_id=333"},"modified":"2013-12-27T16:09:18","modified_gmt":"2013-12-27T12:09:18","slug":"kapitel-7-die-rolle-der-frau-in-armenien","status":"publish","type":"page","link":"https:\/\/kulturweit.blog\/armenien2010\/kapitel-7-die-rolle-der-frau-in-armenien\/","title":{"rendered":"Kapitel 7: Die Rolle der Frau in Armenien"},"content":{"rendered":"<p>Anfangs war mir gar nicht bewusst, wie unterschiedlich die Rolle der Frau in Armenien im Vergleich zu der in Deutschland ist. Aber je mehr man sich einlebt, je mehr Leute man trifft und je mehr Freunde man findet, desto deutlicher wird es: Es gibt ihn &#8211; den Unterschied. Aufgefallen ist mir das, als ich mir \u00fcberlegt habe, wie man in einer Stadt, in der es &#8222;angeblich&#8220; nichts gibt, was man machen kann, Freunde findet. Klar, die Schule ist ein zentraler Ort und viele Lehrerinnen sind sehr jung, aber irgendwie ist das dann doch anders (wahrscheinlich deshalb, weil ich frisch aus der Schule komme &#8211; das hinterl\u00e4sst einfach Spuren). Ein zentraler Treffpunkt ist nat\u00fcrlich der Busbahnhof, von wo die Busse nach Eriwan, Metsamor und Etschmiadsin fahren. Auf der Fahrt lerne ich immer wieder interessante Menschen kennen, die ich ansprechen musste, da ich fr\u00fcher immer noch nicht wusste, wohin die Maschrutka letztendlich fuhr (zu der Zeit konnte ich noch nicht einmal die Armenischen Buchstaben lesen). So wurde ich als Ausl\u00e4nder entlarvt und musste in sehr sehr sehr gebrochenem Armenisch erz\u00e4hlen, wo ich herkomme, was ich hier mache, wie ich hei\u00dfe, wie alt ich bin,&#8230;. Leider bleiben die meisten Bekanntschaften dort stecken, weil einfach die Sprachbarriere vorhanden ist. Aber es ist auf jeden Fall immer sehr interessant und spannend.<\/p>\n<p>Aber auch bei den Nachbarinnen l\u00e4sst sich die Armenische Kultur entdecken. Denn in Armenien muss man einfach alle zum Kaffee einladen (aber nur Frauen, evtl. mit Ehem\u00e4nnern, sonst wird man gleich als eine nicht &#8222;ehrw\u00fcrdige&#8220; Frau abgestempelt&#8230;) und dann wird bei fr\u00f6hlicher Runde eifrig im W\u00f6rterbuch gebl\u00e4ttert und viel gelacht. Die ersten Kontakte sind schon gekn\u00fcpft. Was sich schon als schwieriger herausstellt: Viele gemeinsame Gespr\u00e4chsthemen habe ich anfangs nicht gefunden. W\u00e4hrend ich beim Kaffeeklatsch nicht \u00fcber diverse Beauty &#8211; Salons mitreden konnte und auch beim Kochen und der Kindererziehung nicht besonders versiert bin, verstanden meine Nachbarn weder mein Interesse an Reisen, Studium und Unterricht.<\/p>\n<p>Viele Frauen, die ich getroffen habe, haben ihr Gl\u00fcck auch schon ziemlich fr\u00fch gefunden. Es ist keine Seltenheit, mit 23 zwei Kinder zu haben, auf die man nat\u00fcrlich aufpassen muss.In meinem Haus leben 2 Frauen, die unter 25 sind, eine mit einem Kind, eine mit 3, beide geschieden und ohne Job.<\/p>\n<p>Aber auch hier gibt es Unterschiede zwischen dem &#8222;Landleben&#8220; und dem Stadtleben. In Yerevan l\u00e4uft es schon ganz anders ab. Mir ist aufgefallen, dass es Paare gibt, die Arm in Arm gehen, \u00f6ffentlich und gut sichtbar in Parks knutschen und alles tun, um ihre Liebe zu zeigen. Das ist auf dem Lande ein Eklat und man kann sicher sein, dass man hier nur noch schief angesehen wird, wenn man das auf dem Lande zu t\u00e4te. Das darf man nur zuhause hinter verschlossenen T\u00fcren.<\/p>\n<p>Trotzdem macht der typische armenische Mann alles f\u00fcr seine Angebetete. Er muss zum Beispiel daf\u00fcr sorgen, dass seine Frau alles bekommt, was sie sich w\u00fcnscht. Allem voran Kleidung, Schmuck, die teuersten Schuhe und Besuche im Beautysalon. Mir wurde erz\u00e4hlt, dass ein Mann,\u00a0 der seiner Frau diesen Lebensstil nicht bieten kann, wein ziemlicher Versager ist. Dass es nicht viele Versager gibt, merkt man sofort &#8211; auf dem Land wie auch in der Stadt stolzieren manche Frauen mit 1a F\u00f6nfrisur, ausgestattet mit dem herausragendsten und elegantesten (so dass es manchmal echt lustig aussieht), durch die Stra\u00dfen.<\/p>\n","protected":false},"excerpt":{"rendered":"<p>Anfangs war mir gar nicht bewusst, wie unterschiedlich die Rolle der Frau in Armenien im Vergleich zu der in Deutschland ist. Aber je mehr man sich einlebt, je mehr Leute man trifft und je mehr Freunde man findet, desto deutlicher &hellip; <a href=\"https:\/\/kulturweit.blog\/armenien2010\/kapitel-7-die-rolle-der-frau-in-armenien\/\">Weiterlesen <span class=\"meta-nav\">&rarr;<\/span><\/a><\/p>\n","protected":false},"author":300,"featured_media":0,"parent":0,"menu_order":8,"comment_status":"open","ping_status":"closed","template":"","meta":{"footnotes":""},"class_list":["post-333","page","type-page","status-publish","hentry"],"amp_enabled":true,"_links":{"self":[{"href":"https:\/\/kulturweit.blog\/armenien2010\/wp-json\/wp\/v2\/pages\/333"}],"collection":[{"href":"https:\/\/kulturweit.blog\/armenien2010\/wp-json\/wp\/v2\/pages"}],"about":[{"href":"https:\/\/kulturweit.blog\/armenien2010\/wp-json\/wp\/v2\/types\/page"}],"author":[{"embeddable":true,"href":"https:\/\/kulturweit.blog\/armenien2010\/wp-json\/wp\/v2\/users\/300"}],"replies":[{"embeddable":true,"href":"https:\/\/kulturweit.blog\/armenien2010\/wp-json\/wp\/v2\/comments?post=333"}],"version-history":[{"count":1,"href":"https:\/\/kulturweit.blog\/armenien2010\/wp-json\/wp\/v2\/pages\/333\/revisions"}],"predecessor-version":[{"id":426,"href":"https:\/\/kulturweit.blog\/armenien2010\/wp-json\/wp\/v2\/pages\/333\/revisions\/426"}],"wp:attachment":[{"href":"https:\/\/kulturweit.blog\/armenien2010\/wp-json\/wp\/v2\/media?parent=333"}],"curies":[{"name":"wp","href":"https:\/\/api.w.org\/{rel}","templated":true}]}}