{"id":327,"date":"2012-10-21T15:34:12","date_gmt":"2012-10-21T10:34:12","guid":{"rendered":"https:\/\/kulturweit.blog\/armenien2010\/?page_id=327"},"modified":"2013-12-27T15:58:36","modified_gmt":"2013-12-27T11:58:36","slug":"zwischeneintrag-etschmiadsin","status":"publish","type":"page","link":"https:\/\/kulturweit.blog\/armenien2010\/zwischeneintrag-etschmiadsin\/","title":{"rendered":"Zwischeneintrag: Etschmiadsin"},"content":{"rendered":"<p><a href=\"https:\/\/kulturweit.blog\/armenien2010\/files\/2010\/11\/Etschmiadsin.gif\"><img loading=\"lazy\" decoding=\"async\" class=\"alignright\" alt=\"\" src=\"https:\/\/kulturweit.blog\/armenien2010\/files\/2010\/11\/Etschmiadsin-296x300.gif\" width=\"183\" height=\"186\" \/><\/a>F\u00fcr meine Omas. \ud83d\ude42<\/p>\n<p>Vor kurzem\u00a0 habe ich es endlich einmal geschafft: Nach Etschmiadsin in einen Gottesdienst mit dem Katholikos gehen! Der Katholikos ist so etwas wie der Papst der apostolisch &#8211; armenischen Kirche und \u00fcberraschenderweise sehr &#8222;volksnah&#8220;, er ging durch die Gemeinde w\u00e4hrend des Gottesdienstes, segnete alle Menschen und setzte sich dann auf seinen Platz, auch wenn er nicht wirklich etwas zum Gottesdienst beigetragen hat. Aber sonst wirkte er sehr freundlich (f\u00e4hrt aber einen ziemlich gro\u00dfen, weltlichen, nagelneuen Jeep).<a href=\"https:\/\/kulturweit.blog\/armenien2010\/files\/2010\/11\/K800_P1040143.jpg\"><img loading=\"lazy\" decoding=\"async\" class=\"alignleft\" alt=\"\" src=\"https:\/\/kulturweit.blog\/armenien2010\/files\/2010\/11\/K800_P1040143-225x300.jpg\" width=\"127\" height=\"170\" \/><\/a> Das kann ich sogar beurteilen, da er nicht einmal einen Meter weit weg an mir\u00a0 vorbeizog. Leider ist meine Digicam nicht grad das High &#8211; Tech &#8211; Modell und deshalb konnte ich keine wirklich\u00a0 guten Fotos von ihm schie\u00dfen.<\/p>\n<p>Zum Gottesdienst selbst kann ich sagen, dass er mich sehr beeindruckt hat und viel spannender als die deutsche Messe ist, obwohl ich kein Wort verstanden habe. Immer wieder wurden die Handlungspl\u00e4tze gewechselt, dann gab es hier wieder einen Einzug\u00a0 und dort ein Kerzen &#8211; Anz\u00fcnden,&#8230;\u00a0 Au\u00dferdem sang jede 10 min.\u00a0 ein super Chor, richtig sch\u00f6n mit Dynamik und allem. Sehr h\u00f6renswert und mit G\u00e4nsehaut &#8211; Feeling. Nat\u00fcrlich hatte ich meine Haare mit einem Tuch bedeckt, da dass sehr erw\u00fcnscht ist in armenischen Kirchen.In Armenien wird es mit den Kopft\u00fcchern zwar nicht so ernst wie in den muslimischen Moscheen genommen, aber die Mehrzahl der Frauen hatten ihre Haare zumindest symbolisch verh\u00fcllt. Was mich noch sehr \u00fcberrascht hat, war, dass viele junge M\u00e4nner in den Gottesdienst eingebunden waren und anscheinend Priester oder Priesteranw\u00e4rter waren. So etwas wie Priestermangel oder Priestervergreisung scheint es hier nicht zu geben. Kurzum, ich als komplette &#8222;Heidin&#8220; hielt ganze 1 1\/2 Stunden der 2 Stunden Gottesdienst durch, obwohl es keine Sitzpl\u00e4tze gab und man stehen musste. Gut, nicht? Als ich dann doch aufgeben musste, z\u00fcndete ich noch ein paar Kerzen f\u00fcr 60 Dram (das sind ein bisschen \u00fcber 10 ct) an und fuhr sehr ersch\u00f6pft nach Hause.<\/p>\n<p><a href=\"https:\/\/kulturweit.blog\/armenien2010\/files\/2010\/11\/K800_P1040130.jpg\"><img loading=\"lazy\" decoding=\"async\" class=\"alignleft\" alt=\"\" src=\"https:\/\/kulturweit.blog\/armenien2010\/files\/2010\/11\/K800_P1040130-300x225.jpg\" width=\"200\" height=\"150\" \/><\/a>Zur Kirche kann ich sagen: Absolut sehenswert! Wundersch\u00f6n bunt bemalt, mit vielen Heiligenbildern, detailreich verschn\u00f6rkelt, kein Marktplatz und mit edlem Altar. W\u00e4hrend des Gottesdienstes wurde auch kurzzeitig ein Vorhang vorgezogen, der auch wunderbar bemalt war. Schade fand ich es schon, dass ich nichts verstanden habe, aber das l\u00e4sst sich ja noch \u00e4ndern. \ud83d\ude42<\/p>\n<p>N\u00e4chsten Sonntag werde ich aber auf jeden Fall nochmal hinfahren, um evtl. den Rest des Gottesdienstes anzuschauen und sch\u00f6ne Fotos zu machen. Kommen und Gehen darf n\u00e4mlich jeder, wann er will.<\/p>\n<p style=\"text-align: center\"><a href=\"https:\/\/kulturweit.blog\/armenien2010\/files\/2010\/11\/K800_P1040126.jpg\"><img loading=\"lazy\" decoding=\"async\" class=\"aligncenter\" alt=\"\" src=\"https:\/\/kulturweit.blog\/armenien2010\/files\/2010\/11\/K800_P1040126-225x300.jpg\" width=\"225\" height=\"300\" \/><\/a><\/p>\n","protected":false},"excerpt":{"rendered":"<p>F\u00fcr meine Omas. \ud83d\ude42 Vor kurzem\u00a0 habe ich es endlich einmal geschafft: Nach Etschmiadsin in einen Gottesdienst mit dem Katholikos gehen! Der Katholikos ist so etwas wie der Papst der apostolisch &#8211; armenischen Kirche und \u00fcberraschenderweise sehr &#8222;volksnah&#8220;, er ging &hellip; <a href=\"https:\/\/kulturweit.blog\/armenien2010\/zwischeneintrag-etschmiadsin\/\">Weiterlesen <span class=\"meta-nav\">&rarr;<\/span><\/a><\/p>\n","protected":false},"author":300,"featured_media":0,"parent":0,"menu_order":6,"comment_status":"open","ping_status":"closed","template":"","meta":{"footnotes":""},"class_list":["post-327","page","type-page","status-publish","hentry"],"amp_enabled":true,"_links":{"self":[{"href":"https:\/\/kulturweit.blog\/armenien2010\/wp-json\/wp\/v2\/pages\/327"}],"collection":[{"href":"https:\/\/kulturweit.blog\/armenien2010\/wp-json\/wp\/v2\/pages"}],"about":[{"href":"https:\/\/kulturweit.blog\/armenien2010\/wp-json\/wp\/v2\/types\/page"}],"author":[{"embeddable":true,"href":"https:\/\/kulturweit.blog\/armenien2010\/wp-json\/wp\/v2\/users\/300"}],"replies":[{"embeddable":true,"href":"https:\/\/kulturweit.blog\/armenien2010\/wp-json\/wp\/v2\/comments?post=327"}],"version-history":[{"count":0,"href":"https:\/\/kulturweit.blog\/armenien2010\/wp-json\/wp\/v2\/pages\/327\/revisions"}],"wp:attachment":[{"href":"https:\/\/kulturweit.blog\/armenien2010\/wp-json\/wp\/v2\/media?parent=327"}],"curies":[{"name":"wp","href":"https:\/\/api.w.org\/{rel}","templated":true}]}}