{"id":23,"date":"2017-07-25T15:58:41","date_gmt":"2017-07-25T13:58:41","guid":{"rendered":"https:\/\/kulturweit.blog\/annainkgz\/?page_id=23"},"modified":"2017-10-22T09:47:30","modified_gmt":"2017-10-22T07:47:30","slug":"ueber-kulturweit-und-den-daad","status":"publish","type":"page","link":"https:\/\/kulturweit.blog\/annainkgz\/ueber-kulturweit-und-den-daad\/","title":{"rendered":"\u00dcber kulturweit und den DAAD"},"content":{"rendered":"<h2>Was ist kulturweit? Was macht der DAAD?<\/h2>\n<p><strong>kulturweit<\/strong> &#8211; \u00dcber den Tellerrand! kulturweit ist ein Programm der deutschen UNESCO-Kommission und bietet internationale Kultur-Freiwilligendienste an. Dabei engagieren sich die Freiwilligen in der ausw\u00e4rtigen Kultur- und Bildungspolitik, in dem Netzwerk sind Organisationen wie das Goethe-Institut oder der DAAD in meinem Fall, die Entsendeorganisationen sind. Wenn du mehr dar\u00fcber erfahren willst, dann schau doch einfach mal auf der <a href=\"https:\/\/www.kulturweit.de\/\" target=\"_blank\" rel=\"noopener\">Webseite<\/a> vorbei!<\/p>\n<p><strong>D<\/strong>eutscher <strong>A<\/strong>kademischer <strong>A<\/strong>ustausch<strong>d<\/strong>ienst &#8211; Wandel durch Austausch! Der DAAD ist die weltweit gr\u00f6\u00dfte F\u00f6rderorganisation f\u00fcr internationalen wissenschaftlichen Austausch zur Internationalisierung der Hochschulen, aber er unterst\u00fctzt auch die Entstehung von Bildungssystemen im Ausland oder die deutsche Sprache. Finde mehr Informationen \u00fcber den DAAD <a href=\"https:\/\/www.daad.de\/de\/\" target=\"_blank\" rel=\"noopener\">hier auf dessen Website<\/a>.<\/p>\n<p>Der DAAD ist also meine Entsendeorganisation, die mir mit kulturweit als Programm den Aufenthalt in Kirgisistan erm\u00f6glicht. Da kulturweit als FSJ angesehen wird, begleiten den Auslandsaufenthalt ein Vorbereitungs-, ein Zwischen- und ein Nachbereitungsseminar.<\/p>\n","protected":false},"excerpt":{"rendered":"<p>Was ist kulturweit? Was macht der DAAD? kulturweit &#8211; \u00dcber den Tellerrand! kulturweit ist ein Programm der deutschen UNESCO-Kommission und bietet internationale Kultur-Freiwilligendienste an. Dabei engagieren sich die Freiwilligen in der ausw\u00e4rtigen Kultur- und Bildungspolitik, in dem Netzwerk sind Organisationen wie das Goethe-Institut oder der DAAD in meinem Fall, die Entsendeorganisationen sind. Wenn du mehr [&hellip;]<\/p>\n","protected":false},"author":2234,"featured_media":0,"parent":0,"menu_order":0,"comment_status":"closed","ping_status":"closed","template":"","meta":{"footnotes":""},"class_list":["post-23","page","type-page","status-publish","hentry"],"amp_enabled":true,"_links":{"self":[{"href":"https:\/\/kulturweit.blog\/annainkgz\/wp-json\/wp\/v2\/pages\/23"}],"collection":[{"href":"https:\/\/kulturweit.blog\/annainkgz\/wp-json\/wp\/v2\/pages"}],"about":[{"href":"https:\/\/kulturweit.blog\/annainkgz\/wp-json\/wp\/v2\/types\/page"}],"author":[{"embeddable":true,"href":"https:\/\/kulturweit.blog\/annainkgz\/wp-json\/wp\/v2\/users\/2234"}],"replies":[{"embeddable":true,"href":"https:\/\/kulturweit.blog\/annainkgz\/wp-json\/wp\/v2\/comments?post=23"}],"version-history":[{"count":2,"href":"https:\/\/kulturweit.blog\/annainkgz\/wp-json\/wp\/v2\/pages\/23\/revisions"}],"predecessor-version":[{"id":160,"href":"https:\/\/kulturweit.blog\/annainkgz\/wp-json\/wp\/v2\/pages\/23\/revisions\/160"}],"wp:attachment":[{"href":"https:\/\/kulturweit.blog\/annainkgz\/wp-json\/wp\/v2\/media?parent=23"}],"curies":[{"name":"wp","href":"https:\/\/api.w.org\/{rel}","templated":true}]}}