{"id":14,"date":"2011-08-25T01:15:39","date_gmt":"2011-08-24T23:15:39","guid":{"rendered":"https:\/\/kulturweit.blog\/allesclaercheninchina\/?page_id=14"},"modified":"2013-11-03T17:32:11","modified_gmt":"2013-11-03T16:32:11","slug":"about","status":"publish","type":"page","link":"https:\/\/kulturweit.blog\/allesclaercheninchina\/about\/","title":{"rendered":"ABOUT"},"content":{"rendered":"<p><span style=\"color: #ff0000\">[HINWEIS: Diese Angaben beziehen sich auf meinen Freiwilligendienst 2011\/2012.<br \/>\nF\u00fcr den jetzigen Stand der Dinge konsultiere man bitte AMENDMENTS oder HOME.]<\/span><\/p>\n<p><em>Diese Seite dient dazu, euch mit Informationen \u00fcber meinen Freiwilligendienst und \u00fcber die Gegebenheiten zu versorgen. Wenn dennoch Fragen offen geblieben sein sollten, dann lasst es mich doch einfach wissen.<\/em><\/p>\n<p><strong><br \/>\n\u00dcber den Freiwilligendienst: <\/strong>\u00a9 kulturweit.blog<\/p>\n<p>Der \u00bbkulturweit\u00ab Blog ist ein Projekt der Freiwilligen, die ein \u00bbkulturweit\u00ab Freiwilligendienst (FSJ) absolvieren. Sie arbeiten f\u00fcr 6 oder 12 Monate in deutschen Bildungs- und Kultureinrichtungen im Ausland und berichten hier von ihren Eindr\u00fccken und Erfahrungen.<\/p>\n<p>Wenn auch du einen Freiwilligendienst bei \u00bbkulturweit\u00ab machen m\u00f6chtest, kannst Du dich vom 01. bis zum 30. November 2011 f\u00fcr eine Ausreise im September 2012 bewerben.<br \/>\nMehr Infos zu \u00bbkulturweit\u00ab findest du auf <strong><a href=\"http:\/\/www.kulturweit.de\/bewerbung.html\" target=\"_blank\">kulturweit.de<\/a><\/strong>!<\/p>\n<p><strong>\u00dcber die Schule:<br \/>\n<\/strong><\/p>\n<p>Die Guangzhou Fremdsprachenschule ist eine der sieben im Jahre <strong><img decoding=\"async\" alt=\"\" src=\"http:\/\/www.goethe.de\/mmo\/priv\/6813718-STANDARD.JPG\" align=\"left\" \/><\/strong>1962 vom chinesischen Bildungsministerium gegr\u00fcndeten Schulen. W\u00e4hrend der Kulturrevolution und im Jahre 1981 wurde sie jeweils geschlossen. Im Juli 2007 traf der Politkommissar Guangzhous die Entscheidung, die Schule an einem neuen Ort wieder aufzubauen und zu er\u00f6ffnen.<br \/>\nDie Guangzhou Fremdsprachenschule ist eine staatliche, direkt von der Bildungsbeh\u00f6rde von Guangzhou geleitete Schule. Sie befindet sich auf der Fenghuang Allee 102, im Nansha- Viertel im S\u00fcden von Guangzhou. Die Fl\u00e4che der Schule betr\u00e4gt 269 Acker. Momentan besteht die Schule aus 60 Klassenzimmern mit 460 Sch\u00fclern. Die Labore f\u00fcr naturwissenschaftliche Experimente und Sprachlabore stehen den Sch\u00fclern jederzeit zur Verf\u00fcgung. Im Jahr 2012 wird die Zahl der Sch\u00fcler voraussichtlich mit 6 Klassenstufen 1.800 erreichen.<\/p>\n<p>Die Guangzhou Fremdsprachenschule legt gro\u00dfen Wert auf die Entwicklung der Fremdsprachenf\u00e4higkeiten der Sch\u00fcler. Heute gibt es Deutsch-, Franz\u00f6sisch-, Spanisch- und Japanischunterricht. Jeder Sch\u00fcler hat die M\u00f6glichkeit, eine von ihnen zu w\u00e4hlen und sie als zweite Fremdsprache zu erlernen. Die Schule engagiert sich in der Zusammenarbeit mit vielen internationalen Instituten und ausl\u00e4ndischen Schulen, wodurch die Sch\u00fcler gr\u00f6\u00dfere M\u00f6glichkeiten bekommen, sich auszutauschen oder einen Studienplatz an weltbekannten Universit\u00e4ten zu erhalten. Die Schule bem\u00fcht sich auch um die Verbesserung der Qualit\u00e4t der Lehrkr\u00e4fte. Dar\u00fcber hinaus h\u00e4lt die Schule die Naturwissenschaften f\u00fcr ebenso wichtig wie die Sozialwissenschaften. Die Sch\u00fcler werden damit zu Menschen erzogen, die die chinesischen sowie die internationalen Kulturen kennen und einen weiten Gedankenhorizont besitzen. Sie verf\u00fcgen nicht nur \u00fcber diese Qualifikation, sondern sind auch geistig fit und moralisch gebildet.<\/p>\n<p>Seit Februar 2010 hat die Schule schon viele Veranstaltungen durchgef\u00fchrt, wie zum Beispiel ein Fest zu franz\u00f6sischen und japanischen Delikatessen, ein Sportmeeting und einen Wettbewerb zum englischen Synchronisieren. Die Sch\u00fcler pr\u00e4sentieren sich in diesen vielf\u00e4ltigen Veranstaltungen und entwickeln dabei ihre Kompetenzen weiter. Im Dezember 2010 wurde von der Schule ein fremdsprachiges Kulturfest veranstaltet.<\/p>\n<p><em>Quelle: <\/em><a href=\"http:\/\/www.goethe.de\/ins\/cn\/lp\/sdl\/pasch\/sp\/pgd\/de6813715.htm\">http:\/\/www.goethe.de\/ins\/cn\/lp\/sdl\/pasch\/sp\/pgd\/de6813715.htm<\/a><\/p>\n<p><em><br \/>\nJetzt zu mir&#8230;<\/em><strong><br \/>\n<\/strong><\/p>\n<p>Ich lebe im S\u00fcden von Guangzhou, im Nansha-Viertel, am Ende der s\u00fcdlichsten U-Bahnlinie. Danach muss ich noch eine halbe Stunde laufen oder ein Taxi nehmen. Das ist hier eher \u00fcblich. Insgesamt dauert der Weg in die Stadt von Guangzhou meist zwei Stunden.<\/p>\n<p><strong>Zeitzone:\u00a0 <\/strong>Deutschland + 7 Stunden = meine Zeit.<\/p>\n<p><strong> Anschrift:<\/strong><\/p>\n<p>Nonnenkamp Clara<br \/>\n\u5e7f\u5dde\u5e02\u5357\u6c99\u533a\u51e4\u51f0\u5927\u9053102\u53f7<br \/>\n\u5e7f\u5dde\u5916\u56fd\u8bed\u5b66\u6821<br \/>\n511455, Guangzhou<br \/>\nVolksrepublik China<\/p>\n<p>Wenn ihr den Anspruch habt, Chinesisch zu lernen, dann ist eure erste Aufgabe, die Adresse oben einfach mal fein s\u00e4uberlich abzuzeichnen. \ud83d\ude42<\/p>\n<p>Ansonsten k\u00f6nnt ihr diese Seite hier auch einfach ausdrucken, und dann so ausschneiden und auf einem Briefumschlag kleben. Meines Erachtens m\u00fcsste der Brief auch ankommen. Ist halt nur die Frage, wann.<\/p>\n<p>(Was da oben steht, liest man &#8222;Guangzhou sh\u00ec N\u00e0nsha qu Fenghuang Da dao 102 hao; Guangzhou Waiguoyu Xuexiao&#8220; = &#8222;Guangzhou Stadt Nansha-Viertel Fenghuang Gro\u00dfer Weg = Allee 102 Nummer; Guangzhou Fremdsprachenschule&#8220;)<\/p>\n<p>&nbsp;<\/p>\n<p><strong>Kontaktdaten:<\/strong><\/p>\n<p>Email: clara.nonnenkamp@gmx.de<\/p>\n<p>Skype: neun10sommermaerchen<br \/>\nDie beste Zeit zum Skypen ist von <em>6-8h<\/em> eurer Zeit und ab ca. <em>12h &#8211; 17h<\/em> (unter der Woche).<\/p>\n<p>chinesische Handynr.: +86 136 724 20044 (neu!)<\/p>\n<p>Kontaktperson an der Schule: Deutschlehrerin GU Yihan (Ilona)<\/p>\n<p>&nbsp;<\/p>\n<p><strong>Schule:<\/strong><\/p>\n<p>Schule von Montag bis Freitag.<\/p>\n<p>7.30h montags Flagge hissen, Nationalhymne, Preiverleihungen, Rede einer Sch\u00fclerin\/eines Sch\u00fclers, exerzieren.<\/p>\n<p>8h Beginn des Unterrichts.<\/p>\n<p>ich komme zwischen halb 9 und halb 10.<\/p>\n<p>Es gibt zwei Deutschlehrer: Ralf Piskora und Gu Yihan. Ich helfe beiden. Gu Yihan hat 8 Stunden in der Woche bei verschiedenen Klassen, Ralf 6.<br \/>\n(Klicke <a href=\"https:\/\/kulturweit.blog\/allesclaercheninchina\/files\/2011\/08\/stundenplan.pdf\">hier<\/a>, um den <a href=\"https:\/\/kulturweit.blog\/allesclaercheninchina\/files\/2011\/08\/stundenplan.pdf\">Stundenplan zu sehen<\/a>)<\/p>\n<p>Mittagspause von 12-15h.<\/p>\n<p>15-ca. 18h im Fremdsprachenlehrerzimmer \/ Unterricht.<\/p>\n<p>Die Kantine ist offen Mo-Fr 7-8h, 12-13h, 17.30-19h. Die Lehrer haben einen separaten Raum zum Essen.<\/p>\n","protected":false},"excerpt":{"rendered":"<p>[HINWEIS: Diese Angaben beziehen sich auf meinen Freiwilligendienst 2011\/2012. F\u00fcr den jetzigen Stand der Dinge konsultiere man bitte AMENDMENTS oder HOME.] Diese Seite dient dazu, euch mit Informationen \u00fcber meinen Freiwilligendienst und \u00fcber die Gegebenheiten zu versorgen. Wenn dennoch Fragen &hellip; <a href=\"https:\/\/kulturweit.blog\/allesclaercheninchina\/about\/\">Weiterlesen <span class=\"meta-nav\">&rarr;<\/span><\/a><\/p>\n","protected":false},"author":595,"featured_media":16,"parent":0,"menu_order":0,"comment_status":"open","ping_status":"open","template":"","meta":{"footnotes":""},"class_list":["post-14","page","type-page","status-publish","has-post-thumbnail","hentry"],"amp_enabled":true,"_links":{"self":[{"href":"https:\/\/kulturweit.blog\/allesclaercheninchina\/wp-json\/wp\/v2\/pages\/14"}],"collection":[{"href":"https:\/\/kulturweit.blog\/allesclaercheninchina\/wp-json\/wp\/v2\/pages"}],"about":[{"href":"https:\/\/kulturweit.blog\/allesclaercheninchina\/wp-json\/wp\/v2\/types\/page"}],"author":[{"embeddable":true,"href":"https:\/\/kulturweit.blog\/allesclaercheninchina\/wp-json\/wp\/v2\/users\/595"}],"replies":[{"embeddable":true,"href":"https:\/\/kulturweit.blog\/allesclaercheninchina\/wp-json\/wp\/v2\/comments?post=14"}],"version-history":[{"count":0,"href":"https:\/\/kulturweit.blog\/allesclaercheninchina\/wp-json\/wp\/v2\/pages\/14\/revisions"}],"wp:featuredmedia":[{"embeddable":true,"href":"https:\/\/kulturweit.blog\/allesclaercheninchina\/wp-json\/wp\/v2\/media\/16"}],"wp:attachment":[{"href":"https:\/\/kulturweit.blog\/allesclaercheninchina\/wp-json\/wp\/v2\/media?parent=14"}],"curies":[{"name":"wp","href":"https:\/\/api.w.org\/{rel}","templated":true}]}}