{"id":14,"date":"2022-04-03T23:54:41","date_gmt":"2022-04-03T21:54:41","guid":{"rendered":"https:\/\/kulturweit.blog\/abenteuerchile\/?page_id=14"},"modified":"2022-04-19T15:26:09","modified_gmt":"2022-04-19T13:26:09","slug":"bienvenido-zu-meinem-tagebuch","status":"publish","type":"page","link":"https:\/\/kulturweit.blog\/abenteuerchile\/bienvenido-zu-meinem-tagebuch\/","title":{"rendered":"Bienvenido zu meinem Tagebuch"},"content":{"rendered":"<h4><em>Hallo Ihr Lieben,<\/em><\/h4>\n<h4>ich hei\u00dfe Karina und bin seit dem 27. M\u00e4rz 2022 in Los \u00c1ngeles, Chile. Ich arbeite an einer deutschen Schule und werde ein Jahr in diesem Paradies verbringen. \u00dcber mich?\u00a0 \u00a0 \u00a0 Meine Freunde nennen mich Karinski; eine Chaotin mit dem Drang zur Perfektion, dicker Struppelm\u00e4hne und einem sehr lauten Lachen. Ich genie\u00dfe die Natur und singe gerne. Neben dem Interesse an jeglicher Form von Kunst, macht mich vor allem meine Liebe zu den Menschen und die Kunst gedachte Gedanken \u00fcber Gedanken zu \u00fcberdenken aus.\u00a0 \u00a0 \u00a0 \u00a0 Diese Gedanken, schnulzige Poesie , Meilensteine und Erfahrungen erwarten euch in diesem Blog. Ich freue mich, wenn Ihr Teil meiner Reise und meinem virtuellen Tagebuch werdet.<\/h4>\n<h4><em>F\u00fchlt euch umarmt; Karinski<\/em><\/h4>\n<p>&nbsp;<\/p>\n","protected":false},"excerpt":{"rendered":"<p>Hallo Ihr Lieben, ich hei\u00dfe Karina und bin seit dem 27. M\u00e4rz 2022 in Los \u00c1ngeles, Chile. Ich arbeite an einer deutschen Schule und werde ein Jahr in diesem Paradies verbringen. \u00dcber mich?\u00a0 \u00a0 \u00a0 Meine Freunde nennen mich Karinski; eine Chaotin mit dem Drang zur Perfektion, dicker Struppelm\u00e4hne und einem sehr lauten Lachen. Ich [&hellip;]<\/p>\n","protected":false},"author":3042,"featured_media":0,"parent":0,"menu_order":0,"comment_status":"closed","ping_status":"closed","template":"","meta":{"footnotes":""},"class_list":["post-14","page","type-page","status-publish","hentry"],"amp_enabled":true,"_links":{"self":[{"href":"https:\/\/kulturweit.blog\/abenteuerchile\/wp-json\/wp\/v2\/pages\/14"}],"collection":[{"href":"https:\/\/kulturweit.blog\/abenteuerchile\/wp-json\/wp\/v2\/pages"}],"about":[{"href":"https:\/\/kulturweit.blog\/abenteuerchile\/wp-json\/wp\/v2\/types\/page"}],"author":[{"embeddable":true,"href":"https:\/\/kulturweit.blog\/abenteuerchile\/wp-json\/wp\/v2\/users\/3042"}],"replies":[{"embeddable":true,"href":"https:\/\/kulturweit.blog\/abenteuerchile\/wp-json\/wp\/v2\/comments?post=14"}],"version-history":[{"count":3,"href":"https:\/\/kulturweit.blog\/abenteuerchile\/wp-json\/wp\/v2\/pages\/14\/revisions"}],"predecessor-version":[{"id":19,"href":"https:\/\/kulturweit.blog\/abenteuerchile\/wp-json\/wp\/v2\/pages\/14\/revisions\/19"}],"wp:attachment":[{"href":"https:\/\/kulturweit.blog\/abenteuerchile\/wp-json\/wp\/v2\/media?parent=14"}],"curies":[{"name":"wp","href":"https:\/\/api.w.org\/{rel}","templated":true}]}}