{"id":31,"date":"2016-07-16T12:19:03","date_gmt":"2016-07-16T10:19:03","guid":{"rendered":"https:\/\/kulturweit.blog\/abenteuerafrika\/?page_id=31"},"modified":"2016-12-20T11:06:12","modified_gmt":"2016-12-20T10:06:12","slug":"ueber-mich-und-meine-einsatzstelle","status":"publish","type":"page","link":"https:\/\/kulturweit.blog\/abenteuerafrika\/ueber-mich-und-meine-einsatzstelle\/","title":{"rendered":"\u00dcber mich und meine Einsatzstelle"},"content":{"rendered":"<p><a href=\"https:\/\/kulturweit.blog\/abenteuerafrika\/files\/2016\/12\/Flag_of_Kenya.svg_.png\"><img loading=\"lazy\" decoding=\"async\" class=\"size-medium wp-image-556 aligncenter\" src=\"https:\/\/kulturweit.blog\/abenteuerafrika\/files\/2016\/12\/Flag_of_Kenya.svg_-300x200.png\" alt=\"\" width=\"300\" height=\"200\" srcset=\"https:\/\/kulturweit.blog\/abenteuerafrika\/files\/2016\/12\/Flag_of_Kenya.svg_-300x200.png 300w, https:\/\/kulturweit.blog\/abenteuerafrika\/files\/2016\/12\/Flag_of_Kenya.svg_-768x512.png 768w, https:\/\/kulturweit.blog\/abenteuerafrika\/files\/2016\/12\/Flag_of_Kenya.svg_-1024x682.png 1024w, https:\/\/kulturweit.blog\/abenteuerafrika\/files\/2016\/12\/Flag_of_Kenya.svg_-750x500.png 750w, https:\/\/kulturweit.blog\/abenteuerafrika\/files\/2016\/12\/Flag_of_Kenya.svg_.png 2000w\" sizes=\"(max-width: 300px) 100vw, 300px\" \/><\/a><\/p>\n<p style=\"text-align: center\"><strong><span style=\"font-family: Malgun Gothic,sans-serif\">Karibu &amp; herzlich Willkommen auf meinem Blog!<\/span><\/strong><\/p>\n<p><span style=\"font-family: Malgun Gothic,sans-serif\">Mein Name ist Lara Stumpe, ich bin 18 Jahre alt und reise von September 2016 bis Februar 2017 \u00fcber den Jugendfreiwilligendienst \u201ekulturweit\u201c nach Meru, einer Kleinstadt in Kenia. Es ist mein erster l\u00e4ngerer Aufenthalt im Ausland und ich bin umso gespannter, was mich dort erwartet. Mit diesem Blog m\u00f6chte ich Euch auf dem Laufenden halten und meine Erlebnisse dort mit Euch teilen.<\/span><\/p>\n<p><span style=\"font-family: Malgun Gothic,sans-serif\">Geplant ist, dass ich die Lehrer der Meru Girls&#8216; High School beim Deutschunterricht unterst\u00fctzen und kleine Projekte mit den Sch\u00fclerinnen durchf\u00fchre werde. In den Ferien werde ich voraussichtlich am Goethe-Institut in Nairobi mitarbeiten. Sobald ich vor Ort bin, werde ich meine Aufgaben in Meru bzw. Nairobi aber noch einmal genauer beschreiben.<\/span><\/p>\n<p style=\"text-align: center\"><strong><span style=\"font-family: Malgun Gothic,sans-serif\">\u00dcber Fragen und Kommentare freue ich mich jederzeit!<\/span><\/strong><\/p>\n","protected":false},"excerpt":{"rendered":"<p>Karibu &amp; herzlich Willkommen auf meinem Blog! Mein Name ist Lara Stumpe, ich bin 18 Jahre alt und reise von September 2016 bis Februar 2017 \u00fcber den Jugendfreiwilligendienst \u201ekulturweit\u201c nach Meru, einer Kleinstadt in Kenia. Es ist mein erster l\u00e4ngerer &hellip; <a href=\"https:\/\/kulturweit.blog\/abenteuerafrika\/ueber-mich-und-meine-einsatzstelle\/\">Weiterlesen <span class=\"meta-nav\">&rarr;<\/span><\/a><\/p>\n","protected":false},"author":1947,"featured_media":0,"parent":0,"menu_order":0,"comment_status":"closed","ping_status":"closed","template":"","meta":{"footnotes":""},"class_list":["post-31","page","type-page","status-publish","hentry"],"amp_enabled":true,"_links":{"self":[{"href":"https:\/\/kulturweit.blog\/abenteuerafrika\/wp-json\/wp\/v2\/pages\/31"}],"collection":[{"href":"https:\/\/kulturweit.blog\/abenteuerafrika\/wp-json\/wp\/v2\/pages"}],"about":[{"href":"https:\/\/kulturweit.blog\/abenteuerafrika\/wp-json\/wp\/v2\/types\/page"}],"author":[{"embeddable":true,"href":"https:\/\/kulturweit.blog\/abenteuerafrika\/wp-json\/wp\/v2\/users\/1947"}],"replies":[{"embeddable":true,"href":"https:\/\/kulturweit.blog\/abenteuerafrika\/wp-json\/wp\/v2\/comments?post=31"}],"version-history":[{"count":3,"href":"https:\/\/kulturweit.blog\/abenteuerafrika\/wp-json\/wp\/v2\/pages\/31\/revisions"}],"predecessor-version":[{"id":611,"href":"https:\/\/kulturweit.blog\/abenteuerafrika\/wp-json\/wp\/v2\/pages\/31\/revisions\/611"}],"wp:attachment":[{"href":"https:\/\/kulturweit.blog\/abenteuerafrika\/wp-json\/wp\/v2\/media?parent=31"}],"curies":[{"name":"wp","href":"https:\/\/api.w.org\/{rel}","templated":true}]}}