{"id":289,"date":"2016-12-01T06:05:01","date_gmt":"2016-12-01T05:05:01","guid":{"rendered":"https:\/\/kulturweit.blog\/abenteuerafrika\/?page_id=289"},"modified":"2016-12-24T05:54:12","modified_gmt":"2016-12-24T04:54:12","slug":"advent-advent","status":"publish","type":"page","link":"https:\/\/kulturweit.blog\/abenteuerafrika\/advent-advent\/","title":{"rendered":"Advent, Advent\u2026"},"content":{"rendered":"<p><!--more--><\/p>\n<p>Ob hier bei 25 Grad und Sonnenschein so richtig Weihnachtsstimmung aufkommt? Schlie\u00dflich ist der Dezember hier der hei\u00dfeste Monat im Jahr. Wirft man einen Blick in die Kaufh\u00e4user, sieht das ganze schon ganz anders aus. Hier findet man genauso \u201ekitschige\u201c Weihnachtsdeko wie in Deutschland und auch der Elefant vor dem Nakumatt in Meru hatte schon Ende Oktober eine Weihnachtsm\u00fctze auf. Und ja, ich gebe auch zu, dass ich an den Spekulatius auf dem deutschen Weihnachtsmarkt in Nairobi nicht einfach so vorbeigehen konnte.<\/p>\n<p>Wie dem auch sei, jedenfalls habe ich mir \u00fcberlegt, durch einen kleinen Adventskalender auch hier auf dem Blog ein bisschen Weihnachtsstimmung aufkommen zu lassen. So k\u00f6nnt ihr euch nun jeden Tag auf einen kleinen Beitrag, ein Gedicht, ein Foto oder einfach nur ein bisschen (un-)n\u00fctzes Wissen aus Kenia freuen.<\/p>\n<p><a href=\"https:\/\/kulturweit.blog\/abenteuerafrika\/files\/2016\/12\/img-20161126-wa0111.jpg\"><img loading=\"lazy\" decoding=\"async\" class=\"alignnone size-medium wp-image-292\" src=\"https:\/\/kulturweit.blog\/abenteuerafrika\/files\/2016\/12\/img-20161126-wa0111-300x402.jpg\" alt=\"img-20161126-wa0111.jpg\" width=\"300\" height=\"402\"\/><\/a><\/p>\n<p>Viel Spa\u00df beim \u201eT\u00f6rchen \u00f6ffnen\u201c!<\/p>\n<p>Ich w\u00fcnsche euch allen eine wundersch\u00f6ne Adventszeit!<\/p>\n<p>Eure Lara \ud83d\ude42<\/p>\n<p>&nbsp;<\/p>\n<p><strong>1. Dezember<\/strong><\/p>\n<p>Wusstet ihr eigentlich, dass\u2026 einige kenianische M\u00e4nner abends nicht ins Bett gehen k\u00f6nnen, wenn sie kein Ugali gegessen haben? Ugali ist ein Brei aus Maismehl und Wasser und dient als s\u00e4ttigende Beilage zum Beispiel zu Fleisch oder Sukuma wiki (traditionelles Gem\u00fcse, das unserem Spinat ein wenig \u00e4hnelt). Zwei warme (und meist \u00fcppige) Mahlzeiten am Tag sind f\u00fcr viele Kenianer \u00fcblich. So werde ich oft komisch angeguckt, wenn ich abends \u201eonly snacks\u201c wie Toast oder R\u00fchrei esse.<\/p>\n<p>&nbsp;<\/p>\n<p><strong>2. Dezember<\/strong><b>&nbsp;<\/b><\/p>\n<p>Sieben Dinge, die ich in Kenia am meisten vermisse:<\/p>\n<ol>\n<li>Schokolade :p<\/li>\n<li>einfaches Ein- und Ausreisen in die Nachbarl\u00e4nder (Visafreiheit)<\/li>\n<li>gutes deutsches Schwarzbrot mit viiiiel K\u00e4se \ud83d\ude00<\/li>\n<li>die Freiheit, sich im Dunkeln bewegen zu k\u00f6nnen<\/li>\n<li>M\u00fclltrennung, Sauberkeit auf den Stra\u00dfen<\/li>\n<li>manchmal eine gewisse Zuverl\u00e4ssigkeit und P\u00fcnktlichkeit<\/li>\n<li>das &#8222;Normalsein&#8220;, nicht immer als Mzungu aufzufallen<\/li>\n<\/ol>\n<p>&nbsp;<\/p>\n<p><strong>3.&nbsp;Dezember<\/strong><b>&nbsp;<\/b><\/p>\n<p><img decoding=\"async\" class=\"wp-image-300 alignnone size-full\" src=\"https:\/\/kulturweit.blog\/abenteuerafrika\/files\/2016\/12\/20161128_102600.jpg\"\/><b><br \/>\n<\/b><\/p>\n<p>Ein kleines Foto aus dem Hellsgate National Park. Wer genau hinschaut, kann im Hintergrund ein paar Zebras erkennen.<\/p>\n<p>(Blogeintrag folgt :D)<\/p>\n<p>&nbsp;<\/p>\n<p><strong>4. Dezember<\/strong><b>&nbsp;<\/b><\/p>\n<p>Wusstet ihr eigentlich, dass&#8230; die kenianische Flagge verschiedenste Elemente der Unabh\u00e4ngigkeit enth\u00e4lt?<\/p>\n<p><a href=\"https:\/\/kulturweit.blog\/abenteuerafrika\/files\/2016\/12\/Flag_of_Kenya.svg_.png\"><img loading=\"lazy\" decoding=\"async\" class=\"alignnone size-medium wp-image-556\" src=\"https:\/\/kulturweit.blog\/abenteuerafrika\/files\/2016\/12\/Flag_of_Kenya.svg_-300x200.png\" alt=\"\" width=\"300\" height=\"200\" srcset=\"https:\/\/kulturweit.blog\/abenteuerafrika\/files\/2016\/12\/Flag_of_Kenya.svg_-300x200.png 300w, https:\/\/kulturweit.blog\/abenteuerafrika\/files\/2016\/12\/Flag_of_Kenya.svg_-768x512.png 768w, https:\/\/kulturweit.blog\/abenteuerafrika\/files\/2016\/12\/Flag_of_Kenya.svg_-1024x682.png 1024w, https:\/\/kulturweit.blog\/abenteuerafrika\/files\/2016\/12\/Flag_of_Kenya.svg_-750x500.png 750w, https:\/\/kulturweit.blog\/abenteuerafrika\/files\/2016\/12\/Flag_of_Kenya.svg_.png 2000w\" sizes=\"(max-width: 300px) 100vw, 300px\" \/><\/a><\/p>\n<p>Die Nationalflagge wurde am Tag von Kenias Unabh\u00e4ngigkeit im Jahr 1963 eingef\u00fchrt. Sie enth\u00e4lt eine Menge Farbsymbolik. Das Schwarz steht f\u00fcr die einheimische kenianische Bev\u00f6lkerung, das Rot f\u00fcr das Blut, das im Kampf f\u00fcr die Unabh\u00e4ngigkeit vergossen wurde und das Gr\u00fcn f\u00fcr die kenianische Landwirtschaft und den fruchtbaren Boden. Sp\u00e4ter wurden noch ein Massai-Schild und die wei\u00dfen Streifen erg\u00e4nzt, die den Frieden und die hart erk\u00e4mpfte Unabh\u00e4ngigkeit symbolisieren sollen.<\/p>\n<p>&nbsp;<\/p>\n<p><strong>5. Dezember<\/strong><\/p>\n<p>&#8222;Habari gani?&#8220; &#8222;Nzuri kabisa.&#8220; Wie ihr schon seht, war heute mein erster Tag im Language Center, wo ich einen Kiswahili Sprachkurs mache. In insgesamt sechs Stunden Unterricht ging es gleich richtig zur Sache, sodass ich eine Menge gelernt habe. Daher habe ich heute auch einen Sprach-Fakt f\u00fcr euch.<\/p>\n<p>Wusstet ihr eigentlich, dass&#8230; man sich selbst in Kiswahili immer zuerst nennt, wenn man \u00fcber sich und jemand anderen redet? Von wegen &#8222;ich und der Esel&#8220;! \ud83d\ude00<\/p>\n<p>\u00dcbrigens: Da Kiswahili urspr\u00fcnglich eine Handelssprache war, gibt es au\u00dferdem auch kaum H\u00f6flichkeitsfloskeln. Statt &#8222;K\u00f6nntest du mir bitte das Tuch geben?&#8220; wird lediglich &#8222;Gib mir das Tuch!&#8220; verwendet. Danke (Asante) und Bitte (Tafadhali) sind nur Lehnw\u00f6rter aus dem Arabischen.<\/p>\n<p>&nbsp;<\/p>\n<p><strong>6. Dezember&nbsp;<\/strong><\/p>\n<p>Am heutigen Nikolaustag m\u00f6chte ich euch einen kenianischen Song zeigen, der hier im Radio hoch und runter l\u00e4uft, aber dennoch zu meinen Lieblingsliedern geh\u00f6rt. Gesungen wird auf Kiswahili. In seinem Lied preist der S\u00e4nger Gott und dankt ihm, dass dieser ihn jeden Tag etwas mehr liebt (ananipenda leo kuliko jana = er liebt mich heute mehr als gestern). Aber h\u00f6rt selbst!<\/p>\n<p><iframe loading=\"lazy\" title=\"Sauti Sol - Kuliko Jana ft (RedFourth Chorus) SMS [Skiza 1069356] to 811\" width=\"660\" height=\"371\" src=\"https:\/\/www.youtube.com\/embed\/ojvz49lSfM4?feature=oembed\" frameborder=\"0\" allow=\"accelerometer; autoplay; clipboard-write; encrypted-media; gyroscope; picture-in-picture; web-share\" referrerpolicy=\"strict-origin-when-cross-origin\" allowfullscreen><\/iframe><\/p>\n<p>&nbsp;<\/p>\n<p><strong>7. Dezember&nbsp;<\/strong><\/p>\n<p>Wusstet ihr eigentlich, &nbsp;dass&#8230; Kenianer ihre geschlossene Faust benutzten, um die F\u00fcnf zu zeigen? Die offene Hand, wie sie bei uns \u00fcblich ist, kennen hier nur sehr Wenige als Zeichen f\u00fcr F\u00fcnf. Auch der &#8222;Daumenhoch&#8220;, mit dem wir &#8222;eins&#8220; ausdr\u00fccken, steht hier lediglich f\u00fcr &#8222;perfekt&#8220; oder &#8222;gut gemacht&#8220;. Die Eins symbolisiert in Kenia der Zeigefinger.<\/p>\n<p>&nbsp;<\/p>\n<p><strong>8. Dezember&nbsp;<\/strong><\/p>\n<p>Sieben Dinge, die mir hier in Kenia am besten gefallen:<\/p>\n<ol>\n<li>das frische Obst (einfach \u00fcberhaupt nicht mit dem deutschen Obst zu vergleichen)<\/li>\n<li>das g\u00fcnstige Reisen im Matatu (auch wenn man es eher eine &#8222;Hassliebe&#8220; nennen kann)<\/li>\n<li>die Offenheit und Spontaneit\u00e4t der Kenianer (wenn man m\u00f6chte, kann man hier mit fast jedem ins Gespr\u00e4ch kommen und mit ein bisschen Interesse lernt dazu noch eine Menge \u00fcber Land und Leute)<\/li>\n<li>die Sprache Kiswahili (einfach eine unglaublich interessante und sch\u00f6ne Sprache!)<\/li>\n<li>die beeindruckende Landschaft Kenias (vom Regenwald Kakamega Forest \u00fcber das Hochland, das Great Rift Valley bis hin zur K\u00fcste durfte ich schon eine ganze Menge von Kenias Landschaft sehen, die mich immer wieder auf&#8217;s Neue beeindruckt hat)<\/li>\n<li>das kenianische Essen (auch wenn es oft sehr fettig ist, habe ich mich in das kenianische Essen (Chapati, Maandazi, Ugali, Sukuma Wiki, Samosa, Matoke, Ndengu, &#8230;) verliebt und kann mittlerweile auch einige Gerichte selbst kochen)<\/li>\n<li>und zu guter Letzt: das Wetter &#8211; was auch sonst! (Trotz der st\u00e4ndig lauernden Sonnenbrandgefahr gef\u00e4llt mir das Wetter hier sehr gut. Es ist den ganzen Tag angenehm warm und selbst in der Regenzeit regnet es auch meist nur abends oder nachts. Komplett verregnete &#8222;Schmuddeltage&#8220; gibt es hier nur sehr selten.)<\/li>\n<\/ol>\n<p>&nbsp;<\/p>\n<p><strong>9. Dezember<\/strong><\/p>\n<p>Heute war mein letzter Sprachkurstag. F\u00fcnf Tage gef\u00fcllt mit gut 30 St\u00fcnden Kiswahili liegen hinter mir! Und es hat mir wirklich viel gebracht. Ich habe nicht nur eine Menge neue Vokabeln gelernt, sondern konnte auch einige grammatische Strukturen lernen und vertiefen. Der Erfolg zeigt sich direkt auf der Stra\u00dfe. Mir f\u00e4llt auf, dass ich gleich viel mehr verstehe und mich auch selbst sicherer im Umgang mit der Sprache f\u00fchle. Wie viel eine Woche doch bringen kann! Ich bin sehr dankbar, dass &#8222;kulturweit&#8220; uns die M\u00f6glichkeit gibt, einen Sprachkurs zu besuchen!<\/p>\n<p>&nbsp;<\/p>\n<p><strong>10. Dezember&nbsp;<\/strong><\/p>\n<p><img loading=\"lazy\" decoding=\"async\" width=\"1280\" height=\"720\" class=\"wp-image-356 alignnone size-full\" src=\"https:\/\/kulturweit.blog\/abenteuerafrika\/files\/2016\/12\/img-20161210-wa0111.jpg\" srcset=\"https:\/\/kulturweit.blog\/abenteuerafrika\/files\/2016\/12\/img-20161210-wa0111.jpg 1280w, https:\/\/kulturweit.blog\/abenteuerafrika\/files\/2016\/12\/img-20161210-wa0111-300x169.jpg 300w, https:\/\/kulturweit.blog\/abenteuerafrika\/files\/2016\/12\/img-20161210-wa0111-768x432.jpg 768w, https:\/\/kulturweit.blog\/abenteuerafrika\/files\/2016\/12\/img-20161210-wa0111-1024x576.jpg 1024w, https:\/\/kulturweit.blog\/abenteuerafrika\/files\/2016\/12\/img-20161210-wa0111-750x422.jpg 750w\" sizes=\"(max-width: 1280px) 100vw, 1280px\" \/><b><br \/>\n<\/b><\/p>\n<p>Spontanes Treffen mit meiner lieben Zwillingsschwester Sina in Nakuru! Bis Montag werde ich hier bleiben. Blogeintrag folgt! \ud83d\ude42<\/p>\n<p>&nbsp;<\/p>\n<p><strong>11. Dezember&nbsp;<\/strong><\/p>\n<p><img loading=\"lazy\" decoding=\"async\" width=\"1280\" height=\"720\" class=\"wp-image-376 alignnone size-full\" src=\"https:\/\/kulturweit.blog\/abenteuerafrika\/files\/2016\/12\/20161211_145141.jpg\" srcset=\"https:\/\/kulturweit.blog\/abenteuerafrika\/files\/2016\/12\/20161211_145141.jpg 1280w, https:\/\/kulturweit.blog\/abenteuerafrika\/files\/2016\/12\/20161211_145141-300x169.jpg 300w, https:\/\/kulturweit.blog\/abenteuerafrika\/files\/2016\/12\/20161211_145141-768x432.jpg 768w, https:\/\/kulturweit.blog\/abenteuerafrika\/files\/2016\/12\/20161211_145141-1024x576.jpg 1024w, https:\/\/kulturweit.blog\/abenteuerafrika\/files\/2016\/12\/20161211_145141-750x422.jpg 750w\" sizes=\"(max-width: 1280px) 100vw, 1280px\" \/><b><br \/>\n<\/b><\/p>\n<p>Ein s\u00fc\u00dfer Esel am Lake Elementaita! \ud83d\ude42<\/p>\n<p>&nbsp;<\/p>\n<p><strong>12. Dezember<\/strong><\/p>\n<p>Heute ist Nationalfeiertag in Kenia (Jamhuri Day). Nachfolgend ein paar Informationen zu diesem hier sehr wichtigen Tag:<\/p>\n<p><b>&#8222;Jamhuri Day<\/b> is a national holiday in Kenya, celebrated on 12 December each year. <i>Jamhuri<\/i> is the Swahili word for &#8222;republic&#8220; and the holiday is meant to officially mark the date of Kenya&#8217;s independence which happened on 12 December 1963. The country became an independent republic after gaining full self-governance from the United Kingdom on 1st June 1964. Jamhuri Day is regarded as Kenya&#8217;s most important day, marked by numerous festivities which celebrate the country&#8217;s cultural heritage and looks back at her journey to independence.&#8220;<\/p>\n<p><a href=\"https:\/\/kulturweit.blog\/abenteuerafrika\/files\/2016\/12\/Benedict-20161212_220253.jpg\"><img loading=\"lazy\" decoding=\"async\" class=\"alignnone size-medium wp-image-558\" src=\"https:\/\/kulturweit.blog\/abenteuerafrika\/files\/2016\/12\/Benedict-20161212_220253-300x300.jpg\" alt=\"\" width=\"300\" height=\"300\" srcset=\"https:\/\/kulturweit.blog\/abenteuerafrika\/files\/2016\/12\/Benedict-20161212_220253-300x300.jpg 300w, https:\/\/kulturweit.blog\/abenteuerafrika\/files\/2016\/12\/Benedict-20161212_220253-150x150.jpg 150w, https:\/\/kulturweit.blog\/abenteuerafrika\/files\/2016\/12\/Benedict-20161212_220253.jpg 314w\" sizes=\"(max-width: 300px) 100vw, 300px\" \/><\/a><\/p>\n<p>&nbsp;<\/p>\n<p><strong>13. Dezember<\/strong><\/p>\n<p>http:\/\/www.spiegel.de\/politik\/ausland\/kenia-die-ungleichen-nachbarn-a-1124767.html<\/p>\n<p>Ein interessanter und multimedialer Artikel \u00fcber die ungleiche Verteilung des Einkommens in Kenia. Schaut gerne mal rein! \ud83d\ude42<\/p>\n<p>&nbsp;<\/p>\n<p><strong>14. Dezember<\/strong><\/p>\n<p>Heute gibt es mal wieder etwas f\u00fcr die Ohren! &#8222;Uliza kiatu&#8220; bedeutet soviel wie &#8222;Frag meine Schuhe&#8220;. Das Lied von der kenianischen Band &#8222;H_art The Band&#8220; handelt von einem Mann, der alles f\u00fcr die Liebe zu seiner Frau tut. Aber h\u00f6rt selbst!<\/p>\n<p><iframe loading=\"lazy\" title=\"H_ART THE BAND - ULIZA KIATU (OFFICIAL VIDEO)\" width=\"660\" height=\"371\" src=\"https:\/\/www.youtube.com\/embed\/rd00ZV9yPAU?feature=oembed\" frameborder=\"0\" allow=\"accelerometer; autoplay; clipboard-write; encrypted-media; gyroscope; picture-in-picture; web-share\" referrerpolicy=\"strict-origin-when-cross-origin\" allowfullscreen><\/iframe><\/p>\n<p>&nbsp;<\/p>\n<p><strong>15. Dezember&nbsp;<\/strong><\/p>\n<p>Wusstet ihr eigentlich, dass&#8230; die Bus- und Matatupreise in Nairobi nach dem Angebot-Nachfrage-Prinzip funktionieren?<\/p>\n<p>Hier gibt es n\u00e4mlich keine fixen Preise wie beispielsweise in Deutschland. Stattdessen h\u00e4ngt es davon ab, wie viele Leute gerade in die gleiche Richtung m\u00f6chten und wie das Wetter ist. Bei Regen und hohem Andrang kann man schon mal das Doppelte vom &#8222;normalen&#8220; Preis bezahlen.<\/p>\n<p>&nbsp;<\/p>\n<p><strong>16. Dezember<\/strong><\/p>\n<p>Wusstet ihr eigentlich, dass&#8230; man in Kiswahili zu einem Mann sagt, dass er &#8222;heiratet&#8220; (kuoa), zu einer Frau allerdings, dass sie &#8222;verheiratet wird&#8220; (kuolewa)? Es ist sehr ungew\u00f6hnlich, bei M\u00e4nnern die Passivform oder anders herum bei Frauen die Aktivform zu verwenden.<\/p>\n<p>&nbsp;<\/p>\n<p><strong>17. Dezember<\/strong><\/p>\n<p>Ich bin leider immer noch nicht dazu gekommen, einen Artikel \u00fcber das Essen hier zu schreiben. Dennoch hier schon mal die Top 7 meiner kenianischen Lieblingsessen:<\/p>\n<ol>\n<li>Dengu (Bohnengemisch) mit Chapati<\/li>\n<li>Samosas (Teigtaschen gef\u00fcllt mit Beef oder Gem\u00fcse)<\/li>\n<li>Ugali (Maismehl-Brei) mit Nyama Choma (ger\u00f6stetes Fleisch)<\/li>\n<li>S\u00fc\u00dfkartoffeln (einfach lecker!)<\/li>\n<li>Maandazi (frittierte Teigdreiecke)<\/li>\n<li>Githeri (Mischung aus Mais und Bohnen)<\/li>\n<li>Matoke (Kochbananen)<\/li>\n<\/ol>\n<p>&nbsp;<\/p>\n<p><strong>18. Dezember<\/strong><\/p>\n<p>http:\/\/www.tagesschau.de\/videoblog\/afrika_afrika\/kunst-nairobi-103.html<\/p>\n<p>Ein kleiner, aber sehr interessanter Beitrag im Videoblog der Tagesschau zum Thema &#8222;Kunst in Kenia&#8220;. Schaut mal rein!<\/p>\n<p>&nbsp;<\/p>\n<p><strong>19. Dezember<\/strong><\/p>\n<blockquote><p>Du kannst ein wildes Bananenblatt nicht benutzen, um dich vor dem Regen abzuschirmen und das Blatt dann in St\u00fccke rei\u00dfen, wenn der Regen zu Ende ist.<\/p><\/blockquote>\n<p><span class=\"smaller\">Sprichwort der Nandi (eine Ethnie im Westen Kenias): &#8222;Der Regen symbolisiert die Zeit von Not und Krieg, in der Freunde und Verwandte Unterst\u00fctzung gew\u00e4hren. Sp\u00e4ter in besseren Zeiten soll man die Hilfe der anderen, symbolisiert durch die Bananenbl\u00e4tter, nicht vergessen. Man soll dankbar sein, die Strapazen \u00fcberstanden zu haben.&#8220;<\/span><\/p>\n<p>&nbsp;<\/p>\n<p><strong>20. Dezember<\/strong><\/p>\n<p>Ampeln? Welche Ampeln? Ja, das habe ich mich in der Tat auch schon mal gefragt, wenn ich den Stra\u00dfenverkehr hier in Nairobi beobachte. Auch dazu gibt es auf dem Tagesschau Blog ein kurzes Video, das die Situation meiner Meinung nach sehr treffend schildert. Schaut gerne mal rein, es lohnt sich! \ud83d\ude09<\/p>\n<p>http:\/\/www.tagesschau.de\/videoblog\/afrika_afrika\/ampel-nairobi-101.html<\/p>\n<p>&nbsp;<\/p>\n<p><strong>21. Dezember<\/strong><\/p>\n<p>Wusstet ihr eigentlich, dass&#8230; Rauchen in Kenia seit dem 10.07.2008 auf allen \u00f6ffentlichen Pl\u00e4tzen und Wegen absolut verboten ist? Ausnahmen bieten nur ausgewiesene Smoking Areas, von denen ich allerdings bisher kaum welche gesehen habe. Wer gegen dieses Gesetz verst\u00f6\u00dft, muss mit umgerechnet etwa 500 Euro oder einer Freiheitsstrafe rechnen.<br \/>\n<b><br \/>\n<\/b><\/p>\n<p><b><br \/>\n<\/b><\/p>\n<p><b>22. Dezember&nbsp;<\/b><\/p>\n<p>Die Sachen sind gepackt. Das Zimmer ist leer. Heute verlasse ich das Apartment 9 des Marakwet Gardens, in dem ich mich in den letzten gut vier Wochen sehr wohl gef\u00fchlt habe. Ein riesengro\u00dfer Dank geht an meine Mitbewohner und an die hilfsbereite Vermieterin, die diese Zeit f\u00fcr mich zu einem vollen Erfolg gemacht haben.<\/p>\n<p>Und was nun? Um 15:25 Uhr startet mein Flieger Richtung Daressalam (Tansania), wo ich auch einige andere Freiwillige treffen werde. Anschlie\u00dfend wird es morgen fr\u00fch mit der F\u00e4hre nach Sansibar gehen, wo wir gemeinsam Weihnachten und Silvester feiern wollen. Mal ein ganz anderes Jahresende! Ich bin sehr gespannt und ein Blogeintrag wird nat\u00fcrlich folgen!<\/p>\n<p><b><br \/>\n<\/b><\/p>\n<p><b>23. Dezember&nbsp;<\/b><\/p>\n<p>Als ich gestern in Daressalam aus dem Flieger stieg, \u00fcberrannte mich erstmal eine Hitze Welle. Ich muss zugeben, dass ich mich nicht besonders \u00fcber das Klima hier informiert habe, aber so eine Schw\u00fcle h\u00e4tte ich wirklich nicht erwartet. Umso mehr freuen wir uns alle, wenn wir heute Mittag auf Sansibar ankommen und ins Meer springen k\u00f6nnen. Ich sende euch ganz liebe Gr\u00fc\u00dfe aus Tansania!&nbsp;<\/p>\n<p><b><br \/>\n<\/b><\/p>\n<p><b>24. Dezember&nbsp;<\/b><\/p>\n<p>Nun ist es soweit, auch wenn es sich unglaublich irreal anf\u00fchlt! Ich w\u00fcnsche euch allen frohe Weihnachtstage und einen guten Rutsch ins neue Jahr 2017! &#x1f384;&#x1f381;<\/p>\n<p>Ganz liebe Gr\u00fc\u00dfe aus dem wundersch\u00f6nen Sansibar,<\/p>\n<p>Eure Lara \ud83d\ude42<\/p>\n","protected":false},"excerpt":{"rendered":"","protected":false},"author":1947,"featured_media":0,"parent":0,"menu_order":0,"comment_status":"closed","ping_status":"closed","template":"","meta":{"footnotes":""},"class_list":["post-289","page","type-page","status-publish","hentry"],"amp_enabled":true,"_links":{"self":[{"href":"https:\/\/kulturweit.blog\/abenteuerafrika\/wp-json\/wp\/v2\/pages\/289"}],"collection":[{"href":"https:\/\/kulturweit.blog\/abenteuerafrika\/wp-json\/wp\/v2\/pages"}],"about":[{"href":"https:\/\/kulturweit.blog\/abenteuerafrika\/wp-json\/wp\/v2\/types\/page"}],"author":[{"embeddable":true,"href":"https:\/\/kulturweit.blog\/abenteuerafrika\/wp-json\/wp\/v2\/users\/1947"}],"replies":[{"embeddable":true,"href":"https:\/\/kulturweit.blog\/abenteuerafrika\/wp-json\/wp\/v2\/comments?post=289"}],"version-history":[{"count":4,"href":"https:\/\/kulturweit.blog\/abenteuerafrika\/wp-json\/wp\/v2\/pages\/289\/revisions"}],"predecessor-version":[{"id":295,"href":"https:\/\/kulturweit.blog\/abenteuerafrika\/wp-json\/wp\/v2\/pages\/289\/revisions\/295"}],"wp:attachment":[{"href":"https:\/\/kulturweit.blog\/abenteuerafrika\/wp-json\/wp\/v2\/media?parent=289"}],"curies":[{"name":"wp","href":"https:\/\/api.w.org\/{rel}","templated":true}]}}